{"id":3,"date":"2020-05-27T15:47:46","date_gmt":"2020-05-27T15:47:46","guid":{"rendered":"http:\/\/canmiquel.cat\/?page_id=3"},"modified":"2024-09-21T09:29:41","modified_gmt":"2024-09-21T07:29:41","slug":"politica-de-privacitat","status":"publish","type":"page","link":"https:\/\/www.canmiquel.cat\/fr\/politica-de-privacitat\/","title":{"rendered":"Politique de confidentialit\u00e9"},"content":{"rendered":"<p style=\"text-align: justify;\" class=\"translation-block\"><strong>Can Miquel SL<\/strong> s'engage \u00e0 prot\u00e9ger la vie priv\u00e9e des utilisateurs qui acc\u00e8dent \u00e0 ce site web et\/ou \u00e0 l'un de ses services.<\/p>\n<p style=\"text-align: justify;\" class=\"translation-block\">L\u2019utilisation du site web et\/ou de l\u2019un des services propos\u00e9s par <strong>Can Miquel SL<\/strong> implique l\u2019acceptation par l\u2019utilisateur des dispositions contenues dans la pr\u00e9sente politique de confidentialit\u00e9 et du fait que ses donn\u00e9es personnelles seront trait\u00e9es conform\u00e9ment aux dispositions qui y sont stipul\u00e9es.<\/p>\n<p style=\"text-align: justify;\" class=\"translation-block\">Veuillez noter que m\u00eame si notre site Web peut contenir des liens vers d'autres sites Web ou plateformes de m\u00e9dias sociaux, la pr\u00e9sente politique de confidentialit\u00e9 ne s'applique pas aux sites Web d'autres entreprises ou organisations vers lesquels notre site Web peut rediriger. <strong>Can Miquel SL<\/strong> n'exerce aucun contr\u00f4le sur le contenu des sites Web tiers et d\u00e9cline toute responsabilit\u00e9 quant \u00e0 leur contenu et \u00e0 leurs politiques de confidentialit\u00e9.<\/p>\n<h4 style=\"text-align: center;\">Informations de base sur le traitement des donn\u00e9es (R\u00e8glement (UE) 2016\/679)<\/h4>\n<table style=\"width: 100%; border-collapse: collapse; border-style: solid; border-color: #e1e2e3; background-color: #f1f2f3;\" border=\"1\" cellpadding=\"1\">\n<tbody>\n<tr>\n<td style=\"width: 32.5228%;\"><span style=\"font-size: 9pt;\"><strong>Responsable du traitement<\/strong><\/span><\/td>\n<td style=\"width: 67.4037%;\"><span style=\"font-size: 9pt;\"><strong>Can Miquel SL<br \/>\n<\/strong>C.I.F. B17278672<br \/>\n<\/span><span style=\"font-size: 9pt;\">Carrer Especiers, 11, 17220 Sant Feliu de Gu\u00edxols. Girona.<\/span><span style=\"font-size: 9pt;\"><br \/>\n<a href=\"mailto:canmiquel@canmiquel.cat\">canmiquel@canmiquel.cat<\/a><\/span><\/td>\n<\/tr>\n<tr>\n<td style=\"width: 32.5228%;\"><strong><span style=\"font-size: 9pt;\">But du traitement<\/span><\/strong><\/td>\n<td style=\"width: 67.4037%;\"><span style=\"font-size: 9pt;\">Offrir et g\u00e9rer nos services.<\/span><\/td>\n<\/tr>\n<tr>\n<td style=\"width: 32.5228%;\"><span style=\"font-size: 9pt;\"><strong>L\u00e9gitimation<\/strong><\/span><\/td>\n<td style=\"width: 67.4037%;\"><span style=\"font-size: 9pt;\">Consentement obtenu de la partie int\u00e9ress\u00e9e. <\/span><span style=\"font-size: 9pt;\">Ex\u00e9cution du contrat de service.<\/span><\/td>\n<\/tr>\n<tr>\n<td style=\"width: 32.5228%;\"><span style=\"font-size: 9pt;\"><strong>Destinataires<\/strong><\/span><\/td>\n<td style=\"width: 67.4037%; text-align: justify;\"><span style=\"font-size: 9pt;\">Les donn\u00e9es ne seront pas communiqu\u00e9es \u00e0 des tiers, sauf si requis par la loi ou n\u00e9cessaire pour atteindre l'objectif du traitement.<\/span><\/td>\n<\/tr>\n<tr>\n<td style=\"width: 32.5228%;\"><span style=\"font-size: 9pt;\"><strong>Droits de la personne<\/strong><\/span><\/td>\n<td style=\"width: 67.4037%; text-align: justify;\"><span style=\"font-size: 9pt;\">Les parties int\u00e9ress\u00e9es ont le droit d'exercer les droits d'acc\u00e8s, de rectification, de limitation de traitement, de suppression, de portabilit\u00e9 et d'opposition, en envoyant leur demande \u00e0 notre adresse.<\/span><\/td>\n<\/tr>\n<tr>\n<td style=\"width: 32.5228%;\"><span style=\"font-size: 9pt;\"><strong>P\u00e9riode de conservation des donn\u00e9es<\/strong><\/span><\/td>\n<td style=\"width: 67.4037%; text-align: justify;\"><span style=\"font-size: 9pt;\">Tant que la relation commerciale est maintenue ou pendant les ann\u00e9es n\u00e9cessaires au respect des obligations l\u00e9gales.<\/span><\/td>\n<\/tr>\n<tr>\n<td style=\"width: 32.5228%;\"><span style=\"font-size: 9pt;\"><strong>R\u00e9clamation<\/strong><\/span><\/td>\n<td style=\"width: 67.4037%; text-align: justify;\"><span style=\"font-size: 9pt;\">Les personnes int\u00e9ress\u00e9es peuvent contacter l'AEPD pour pr\u00e9senter la r\u00e9clamation qu'elles jugent appropri\u00e9e.<\/span><\/td>\n<\/tr>\n<tr>\n<td style=\"width: 32.5228%;\"><span style=\"font-size: 9pt;\"><strong>Information compl\u00e9mentaire<\/strong><\/span><\/td>\n<td style=\"width: 67.4037%; text-align: justify;\"><span style=\"font-size: 9pt;\">Vous pouvez consulter les informations suppl\u00e9mentaires et d\u00e9taill\u00e9es ci-dessous dans les \"Questions de confidentialit\u00e9\".<\/span><\/td>\n<\/tr>\n<\/tbody>\n<\/table>\n<h3 style=\"text-align: center;\">Questions sur la confidentialit\u00e9<\/h3>\n<p style=\"text-align: justify;\">Conform\u00e9ment au r\u00e8glement (UE) 2016\/679 du Parlement europ\u00e9en et du Conseil du 27 avril 2016 (RGPD), nous vous proposons les informations suivantes sur le traitement de vos donn\u00e9es personnelles:<\/p>\n<h4>Qui est responsable du traitement de vos donn\u00e9es?<\/h4>\n<p>Identit\u00e9:\u00a0<strong>Can Miquel SL<\/strong><br \/>\nCIF: <strong>B17278672<br \/>\n<\/strong>Adresse: <strong>Carrer Especiers, 11, 17220 Sant Feliu de Gu\u00edxols. Girona.<br \/>\n<\/strong>T\u00e9l\u00e9phone:\u00a0<strong>972 32 03 30<br \/>\n<\/strong>E-mail<strong>:<\/strong> <a href=\"mailto:canmiquel@canmiquel.cat\"><strong>canmiquel@canmiquel.cat<\/strong><\/a><\/p>\n<h4>Dans quel but traitons-nous vos donn\u00e9es personnelles?<\/h4>\n<ul>\n<li style=\"text-align: justify;\">Nous traitons les informations qui nous sont fournies pour g\u00e9rer nos services.<\/li>\n<li style=\"text-align: justify;\">Dans le cas o\u00f9 vous nous contactez via le formulaire de contact sur notre site, nous les traiterons pour g\u00e9rer votre requ\u00eate.<\/li>\n<li style=\"text-align: justify;\">Si vous nous donnez votre consentement, nous pouvons \u00e9galement traiter vos donn\u00e9es pour vous envoyer des informations sur nos activit\u00e9s, produits ou services.<\/li>\n<\/ul>\n<h4>Combien de temps conserverons-nous vos donn\u00e9es?<\/h4>\n<ul>\n<li style=\"text-align: justify;\">Les donn\u00e9es personnelles fournies seront conserv\u00e9es tant que vous \u00eates un utilisateur de nos services ou souhaitez recevoir des informations, puis pendant les p\u00e9riodes \u00e9tablies pour se conformer \u00e0 nos obligations l\u00e9gales.<\/li>\n<\/ul>\n<h4>Quelle est la l\u00e9gitimit\u00e9 du traitement de vos donn\u00e9es?<\/h4>\n<p style=\"text-align: justify;\">La l\u00e9gitimit\u00e9 \u00e0 les traiter se trouve dans l'ex\u00e9cution du contrat de service et dans les consentements qu'il nous donne.<\/p>\n<p style=\"text-align: justify;\">En ce qui concerne les informations envoy\u00e9es par des mineurs de moins de 16 ans, il sera indispensable de les faire avec le consentement des parents, du tuteur ou du repr\u00e9sentant l\u00e9gal du mineur afin que les donn\u00e9es personnelles puissent \u00eatre trait\u00e9es. Sinon, le repr\u00e9sentant l\u00e9gal du mineur nous avisera d\u00e8s qu'il sera connu.<\/p>\n<h4>\u00c0 quels destinataires vos donn\u00e9es seront-elles communiqu\u00e9es?<\/h4>\n<p style=\"text-align: justify;\">Les donn\u00e9es ne seront pas communiqu\u00e9es \u00e0 des tiers, sauf si requis par la loi ou n\u00e9cessaire pour atteindre l'objectif du traitement.<\/p>\n<h4>Quels sont vos droits lorsque vous nous fournissez vos donn\u00e9es?<\/h4>\n<ul>\n<li style=\"text-align: justify;\">Toute personne a le droit d'obtenir une confirmation si nous traitons ou non ses donn\u00e9es personnelles.<\/li>\n<li style=\"text-align: justify;\">Les parties int\u00e9ress\u00e9es ont le droit d'acc\u00e9der \u00e0 leurs donn\u00e9es personnelles, ainsi que de demander la rectification de donn\u00e9es inexactes ou, le cas \u00e9ch\u00e9ant, de demander leur suppression lorsque, entre autres raisons, les donn\u00e9es ne sont plus n\u00e9cessaires aux fins pour lesquelles elles ont \u00e9t\u00e9 collect\u00e9es.<\/li>\n<li style=\"text-align: justify;\">Dans certaines circonstances, les parties int\u00e9ress\u00e9es peuvent demander la limitation du traitement de leurs donn\u00e9es, dans ce cas, nous ne les conserverons que pour l'exercice ou la d\u00e9fense de r\u00e9clamations.<\/li>\n<li style=\"text-align: justify;\">De plus, dans certaines circonstances et pour des raisons li\u00e9es \u00e0 leur situation particuli\u00e8re, les parties int\u00e9ress\u00e9es peuvent s'opposer au traitement de leurs donn\u00e9es. Dans ce cas, nous arr\u00eaterons le traitement des donn\u00e9es, sauf pour des raisons l\u00e9gitimes imp\u00e9rieuses ou pour l'exercice ou la d\u00e9fense d'\u00e9ventuelles r\u00e9clamations.<\/li>\n<li style=\"text-align: justify;\">Les personnes concern\u00e9es ont \u00e9galement droit \u00e0 la portabilit\u00e9 de leurs donn\u00e9es.<\/li>\n<li style=\"text-align: justify;\">Enfin, les parties int\u00e9ress\u00e9es ont le droit de d\u00e9poser une r\u00e9clamation aupr\u00e8s de l'autorit\u00e9 de contr\u00f4le comp\u00e9tente.<\/li>\n<\/ul>\n<h4>Comment pouvez-vous exercer vos droits?<\/h4>\n<p style=\"text-align: justify;\">Envoi d'une lettre en joignant une copie d'un document qui vous identifie, \u00e0 notre adresse physique ou \u00e9lectronique.<\/p>\n<h4>Comment avons-nous obtenu vos donn\u00e9es?<\/h4>\n<p style=\"text-align: justify;\">Les donn\u00e9es personnelles que nous traitons proviennent de la partie int\u00e9ress\u00e9e. L'int\u00e9ress\u00e9 garantit la v\u00e9racit\u00e9 des donn\u00e9es personnelles fournies et est responsable de la communication de toute modification de celles-ci. Les donn\u00e9es marqu\u00e9es d'un ast\u00e9risque seront obligatoires afin de vous fournir le service demand\u00e9.<\/p>\n<h4>Quelles donn\u00e9es traitons-nous?<\/h4>\n<p>Les cat\u00e9gories de donn\u00e9es que nous pouvons traiter dans la prestation de nos services sont:<\/p>\n<ul>\n<li>Donn\u00e9es d'identification.<\/li>\n<li>Adresses postales ou \u00e9lectroniques.<\/li>\n<\/ul>\n<p style=\"text-align: justify;\">Les donn\u00e9es sont limit\u00e9es, car nous ne traitons que les donn\u00e9es n\u00e9cessaires \u00e0 la prestation de nos services et \u00e0 la gestion de notre activit\u00e9.<\/p>\n<h4>Utilisons-nous des cookies?<\/h4>\n<p>Nous utilisons des cookies lors de la navigation sur notre site Web avec le consentement de l'utilisateur.<\/p>\n<p style=\"text-align: justify;\">L'utilisateur peut configurer son navigateur pour \u00eatre averti de l'utilisation des cookies et \u00e9viter leur utilisation. Veuillez consulter notre <a href=\"https:\/\/www.canmiquel.cat\/fr\/politica-de-cookies\/\"><strong>politique de cookies<\/strong><\/a>.<\/p>\n<h4>Quelles mesures de s\u00e9curit\u00e9 appliquons-nous?<\/h4>\n<p style=\"text-align: justify;\">Nous appliquons les mesures de s\u00e9curit\u00e9 \u00e9tablies \u00e0 l'article 32 du RGPD, par cons\u00e9quent, nous avons adopt\u00e9 les mesures de s\u00e9curit\u00e9 n\u00e9cessaires pour garantir un niveau de s\u00e9curit\u00e9 adapt\u00e9 au risque de traitement des donn\u00e9es que nous effectuons, avec des m\u00e9canismes qui nous permettent de garantir la confidentialit\u00e9, l'int\u00e9grit\u00e9, disponibilit\u00e9 permanente et r\u00e9silience des syst\u00e8mes et services de traitement.<\/p>\n<p style=\"text-align: justify;\">Certaines de ces mesures sont:<\/p>\n<ul>\n<li>Informations sur les politiques de traitement des donn\u00e9es pour le personnel.<\/li>\n<li>Sauvegardes r\u00e9guli\u00e8res.<\/li>\n<li>Contr\u00f4le d'acc\u00e8s aux donn\u00e9es.<\/li>\n<li>Processus de v\u00e9rification, d'\u00e9valuation et d'\u00e9valuation r\u00e9guliers.<\/li>\n<\/ul>","protected":false},"excerpt":{"rendered":"<p>Can Miquel SL\u00a0es compromet a protegir la privacitat dels usuaris que accedeixin a aquesta web i\/o qualsevol dels seus serveis. La utilitzaci\u00f3 de la web i\/o de qualsevol dels serveis oferts per Can Miquel SL, implica l&#8217;acceptaci\u00f3 per l&#8217;usuari de les disposicions contingudes en la present Pol\u00edtica de Privacitat i que les seves dades personals<br \/><a class=\"moretag\" href=\"https:\/\/www.canmiquel.cat\/fr\/politica-de-privacitat\/\">+ Read More<\/a><\/p>","protected":false},"author":1,"featured_media":1486,"parent":0,"menu_order":0,"comment_status":"closed","ping_status":"closed","template":"","meta":{"footnotes":""},"class_list":["post-3","page","type-page","status-publish","has-post-thumbnail","hentry"],"yoast_head":"<!-- This site is optimized with the Yoast SEO plugin v27.5 - https:\/\/yoast.com\/product\/yoast-seo-wordpress\/ -->\n<title>Pol\u00edtica de privacitat - Can Miquel<\/title>\n<meta name=\"robots\" content=\"index, follow, max-snippet:-1, max-image-preview:large, max-video-preview:-1\" \/>\n<link rel=\"canonical\" href=\"https:\/\/www.canmiquel.cat\/fr\/politica-de-privacitat\/\" \/>\n<meta property=\"og:locale\" content=\"fr_FR\" \/>\n<meta property=\"og:type\" content=\"article\" \/>\n<meta property=\"og:title\" content=\"Pol\u00edtica de privacitat - Can Miquel\" \/>\n<meta property=\"og:description\" content=\"Can Miquel SL\u00a0es compromet a protegir la privacitat dels usuaris que accedeixin a aquesta web i\/o qualsevol dels seus serveis. La utilitzaci\u00f3 de la web i\/o de qualsevol dels serveis oferts per Can Miquel SL, implica l&#8217;acceptaci\u00f3 per l&#8217;usuari de les disposicions contingudes en la present Pol\u00edtica de Privacitat i que les seves dades personals+ Read More\" \/>\n<meta property=\"og:url\" content=\"https:\/\/www.canmiquel.cat\/fr\/politica-de-privacitat\/\" \/>\n<meta property=\"og:site_name\" content=\"Can Miquel\" \/>\n<meta property=\"article:modified_time\" content=\"2024-09-21T07:29:41+00:00\" \/>\n<meta property=\"og:image\" content=\"https:\/\/www.canmiquel.cat\/wp-content\/uploads\/2020\/09\/Can-Miquel-Contacte-H-.jpg\" \/>\n\t<meta property=\"og:image:width\" content=\"1400\" \/>\n\t<meta property=\"og:image:height\" content=\"360\" \/>\n\t<meta property=\"og:image:type\" content=\"image\/jpeg\" \/>\n<meta name=\"twitter:card\" content=\"summary_large_image\" \/>\n<meta name=\"twitter:label1\" content=\"Dur\u00e9e de lecture estim\u00e9e\" \/>\n\t<meta name=\"twitter:data1\" content=\"5 minutes\" \/>\n<script type=\"application\/ld+json\" class=\"yoast-schema-graph\">{\"@context\":\"https:\\\/\\\/schema.org\",\"@graph\":[{\"@type\":\"WebPage\",\"@id\":\"https:\\\/\\\/www.canmiquel.cat\\\/politica-de-privacitat\\\/\",\"url\":\"https:\\\/\\\/www.canmiquel.cat\\\/politica-de-privacitat\\\/\",\"name\":\"Pol\u00edtica de privacitat - Can Miquel\",\"isPartOf\":{\"@id\":\"https:\\\/\\\/www.canmiquel.cat\\\/#website\"},\"primaryImageOfPage\":{\"@id\":\"https:\\\/\\\/www.canmiquel.cat\\\/politica-de-privacitat\\\/#primaryimage\"},\"image\":{\"@id\":\"https:\\\/\\\/www.canmiquel.cat\\\/politica-de-privacitat\\\/#primaryimage\"},\"thumbnailUrl\":\"https:\\\/\\\/www.canmiquel.cat\\\/wp-content\\\/uploads\\\/2020\\\/09\\\/Can-Miquel-Contacte-H-.jpg\",\"datePublished\":\"2020-05-27T15:47:46+00:00\",\"dateModified\":\"2024-09-21T07:29:41+00:00\",\"breadcrumb\":{\"@id\":\"https:\\\/\\\/www.canmiquel.cat\\\/politica-de-privacitat\\\/#breadcrumb\"},\"inLanguage\":\"fr-FR\",\"potentialAction\":[{\"@type\":\"ReadAction\",\"target\":[\"https:\\\/\\\/www.canmiquel.cat\\\/politica-de-privacitat\\\/\"]}]},{\"@type\":\"ImageObject\",\"inLanguage\":\"fr-FR\",\"@id\":\"https:\\\/\\\/www.canmiquel.cat\\\/politica-de-privacitat\\\/#primaryimage\",\"url\":\"https:\\\/\\\/www.canmiquel.cat\\\/wp-content\\\/uploads\\\/2020\\\/09\\\/Can-Miquel-Contacte-H-.jpg\",\"contentUrl\":\"https:\\\/\\\/www.canmiquel.cat\\\/wp-content\\\/uploads\\\/2020\\\/09\\\/Can-Miquel-Contacte-H-.jpg\",\"width\":1400,\"height\":360,\"caption\":\"Can Miquel | Contacte\"},{\"@type\":\"BreadcrumbList\",\"@id\":\"https:\\\/\\\/www.canmiquel.cat\\\/politica-de-privacitat\\\/#breadcrumb\",\"itemListElement\":[{\"@type\":\"ListItem\",\"position\":1,\"name\":\"Home\",\"item\":\"https:\\\/\\\/www.canmiquel.cat\\\/\"},{\"@type\":\"ListItem\",\"position\":2,\"name\":\"Pol\u00edtica de privacitat\"}]},{\"@type\":\"WebSite\",\"@id\":\"https:\\\/\\\/www.canmiquel.cat\\\/#website\",\"url\":\"https:\\\/\\\/www.canmiquel.cat\\\/\",\"name\":\"Can Miquel\",\"description\":\"Carnisseria i xarcuteria selecta-delicatessen a Sant Feliu de Gu\u00edxols\",\"publisher\":{\"@id\":\"https:\\\/\\\/www.canmiquel.cat\\\/#organization\"},\"potentialAction\":[{\"@type\":\"SearchAction\",\"target\":{\"@type\":\"EntryPoint\",\"urlTemplate\":\"https:\\\/\\\/www.canmiquel.cat\\\/?s={search_term_string}\"},\"query-input\":{\"@type\":\"PropertyValueSpecification\",\"valueRequired\":true,\"valueName\":\"search_term_string\"}}],\"inLanguage\":\"fr-FR\"},{\"@type\":\"Organization\",\"@id\":\"https:\\\/\\\/www.canmiquel.cat\\\/#organization\",\"name\":\"Can Miquel\",\"url\":\"https:\\\/\\\/www.canmiquel.cat\\\/\",\"logo\":{\"@type\":\"ImageObject\",\"inLanguage\":\"fr-FR\",\"@id\":\"https:\\\/\\\/www.canmiquel.cat\\\/#\\\/schema\\\/logo\\\/image\\\/\",\"url\":\"https:\\\/\\\/www.canmiquel.cat\\\/wp-content\\\/uploads\\\/2020\\\/09\\\/Can-Miquel-Logo.png\",\"contentUrl\":\"https:\\\/\\\/www.canmiquel.cat\\\/wp-content\\\/uploads\\\/2020\\\/09\\\/Can-Miquel-Logo.png\",\"width\":193,\"height\":80,\"caption\":\"Can Miquel\"},\"image\":{\"@id\":\"https:\\\/\\\/www.canmiquel.cat\\\/#\\\/schema\\\/logo\\\/image\\\/\"},\"sameAs\":[\"https:\\\/\\\/www.instagram.com\\\/eldaudecanmiquel\\\/\"]}]}<\/script>\n<!-- \/ Yoast SEO plugin. -->","yoast_head_json":{"title":"Politique de confidentialit\u00e9 - Can MIquel","robots":{"index":"index","follow":"follow","max-snippet":"max-snippet:-1","max-image-preview":"max-image-preview:large","max-video-preview":"max-video-preview:-1"},"canonical":"https:\/\/www.canmiquel.cat\/fr\/politica-de-privacitat\/","og_locale":"fr_FR","og_type":"article","og_title":"Pol\u00edtica de privacitat - Can Miquel","og_description":"Can Miquel SL\u00a0es compromet a protegir la privacitat dels usuaris que accedeixin a aquesta web i\/o qualsevol dels seus serveis. La utilitzaci\u00f3 de la web i\/o de qualsevol dels serveis oferts per Can Miquel SL, implica l&#8217;acceptaci\u00f3 per l&#8217;usuari de les disposicions contingudes en la present Pol\u00edtica de Privacitat i que les seves dades personals+ Read More","og_url":"https:\/\/www.canmiquel.cat\/fr\/politica-de-privacitat\/","og_site_name":"Can Miquel","article_modified_time":"2024-09-21T07:29:41+00:00","og_image":[{"width":1400,"height":360,"url":"https:\/\/www.canmiquel.cat\/wp-content\/uploads\/2020\/09\/Can-Miquel-Contacte-H-.jpg","type":"image\/jpeg"}],"twitter_card":"summary_large_image","twitter_misc":{"Dur\u00e9e de lecture estim\u00e9e":"5 minutes"},"schema":{"@context":"https:\/\/schema.org","@graph":[{"@type":"WebPage","@id":"https:\/\/www.canmiquel.cat\/politica-de-privacitat\/","url":"https:\/\/www.canmiquel.cat\/politica-de-privacitat\/","name":"Politique de confidentialit\u00e9 - Can MIquel","isPartOf":{"@id":"https:\/\/www.canmiquel.cat\/#website"},"primaryImageOfPage":{"@id":"https:\/\/www.canmiquel.cat\/politica-de-privacitat\/#primaryimage"},"image":{"@id":"https:\/\/www.canmiquel.cat\/politica-de-privacitat\/#primaryimage"},"thumbnailUrl":"https:\/\/www.canmiquel.cat\/wp-content\/uploads\/2020\/09\/Can-Miquel-Contacte-H-.jpg","datePublished":"2020-05-27T15:47:46+00:00","dateModified":"2024-09-21T07:29:41+00:00","breadcrumb":{"@id":"https:\/\/www.canmiquel.cat\/politica-de-privacitat\/#breadcrumb"},"inLanguage":"fr-FR","potentialAction":[{"@type":"ReadAction","target":["https:\/\/www.canmiquel.cat\/politica-de-privacitat\/"]}]},{"@type":"ImageObject","inLanguage":"fr-FR","@id":"https:\/\/www.canmiquel.cat\/politica-de-privacitat\/#primaryimage","url":"https:\/\/www.canmiquel.cat\/wp-content\/uploads\/2020\/09\/Can-Miquel-Contacte-H-.jpg","contentUrl":"https:\/\/www.canmiquel.cat\/wp-content\/uploads\/2020\/09\/Can-Miquel-Contacte-H-.jpg","width":1400,"height":360,"caption":"Can Miquel | Contacte"},{"@type":"BreadcrumbList","@id":"https:\/\/www.canmiquel.cat\/politica-de-privacitat\/#breadcrumb","itemListElement":[{"@type":"ListItem","position":1,"name":"Home","item":"https:\/\/www.canmiquel.cat\/"},{"@type":"ListItem","position":2,"name":"Pol\u00edtica de privacitat"}]},{"@type":"WebSite","@id":"https:\/\/www.canmiquel.cat\/#website","url":"https:\/\/www.canmiquel.cat\/","name":"Can Miquel","description":"Carnisseria i xarcuteria selecta-delicatessen a Sant Feliu de Gu\u00edxols","publisher":{"@id":"https:\/\/www.canmiquel.cat\/#organization"},"potentialAction":[{"@type":"SearchAction","target":{"@type":"EntryPoint","urlTemplate":"https:\/\/www.canmiquel.cat\/?s={search_term_string}"},"query-input":{"@type":"PropertyValueSpecification","valueRequired":true,"valueName":"search_term_string"}}],"inLanguage":"fr-FR"},{"@type":"Organization","@id":"https:\/\/www.canmiquel.cat\/#organization","name":"Can Miquel","url":"https:\/\/www.canmiquel.cat\/","logo":{"@type":"ImageObject","inLanguage":"fr-FR","@id":"https:\/\/www.canmiquel.cat\/#\/schema\/logo\/image\/","url":"https:\/\/www.canmiquel.cat\/wp-content\/uploads\/2020\/09\/Can-Miquel-Logo.png","contentUrl":"https:\/\/www.canmiquel.cat\/wp-content\/uploads\/2020\/09\/Can-Miquel-Logo.png","width":193,"height":80,"caption":"Can Miquel"},"image":{"@id":"https:\/\/www.canmiquel.cat\/#\/schema\/logo\/image\/"},"sameAs":["https:\/\/www.instagram.com\/eldaudecanmiquel\/"]}]}},"_links":{"self":[{"href":"https:\/\/www.canmiquel.cat\/fr\/wp-json\/wp\/v2\/pages\/3","targetHints":{"allow":["GET"]}}],"collection":[{"href":"https:\/\/www.canmiquel.cat\/fr\/wp-json\/wp\/v2\/pages"}],"about":[{"href":"https:\/\/www.canmiquel.cat\/fr\/wp-json\/wp\/v2\/types\/page"}],"author":[{"embeddable":true,"href":"https:\/\/www.canmiquel.cat\/fr\/wp-json\/wp\/v2\/users\/1"}],"replies":[{"embeddable":true,"href":"https:\/\/www.canmiquel.cat\/fr\/wp-json\/wp\/v2\/comments?post=3"}],"version-history":[{"count":0,"href":"https:\/\/www.canmiquel.cat\/fr\/wp-json\/wp\/v2\/pages\/3\/revisions"}],"wp:featuredmedia":[{"embeddable":true,"href":"https:\/\/www.canmiquel.cat\/fr\/wp-json\/wp\/v2\/media\/1486"}],"wp:attachment":[{"href":"https:\/\/www.canmiquel.cat\/fr\/wp-json\/wp\/v2\/media?parent=3"}],"curies":[{"name":"wp","href":"https:\/\/api.w.org\/{rel}","templated":true}]}}