{"id":2541,"date":"2026-01-14T17:01:48","date_gmt":"2026-01-14T16:01:48","guid":{"rendered":"https:\/\/www.canmiquel.cat\/?page_id=2541"},"modified":"2026-01-14T17:57:14","modified_gmt":"2026-01-14T16:57:14","slug":"ganxotapes","status":"publish","type":"page","link":"https:\/\/www.canmiquel.cat\/fr\/ganxotapes\/","title":{"rendered":"Ganxotapes"},"content":{"rendered":"<div data-elementor-type=\"wp-page\" data-elementor-id=\"2541\" class=\"elementor elementor-2541\" data-elementor-post-type=\"page\">\n\t\t\t\t\t\t<section class=\"elementor-section elementor-top-section elementor-element elementor-element-156459d elementor-section-full_width elementor-section-height-default elementor-section-height-default\" data-id=\"156459d\" data-element_type=\"section\" data-e-type=\"section\">\n\t\t\t\t\t\t<div class=\"elementor-container elementor-column-gap-default\">\n\t\t\t\t\t<div class=\"elementor-column elementor-col-100 elementor-top-column elementor-element elementor-element-e0b444e\" data-id=\"e0b444e\" data-element_type=\"column\" data-e-type=\"column\">\n\t\t\t<div class=\"elementor-widget-wrap elementor-element-populated\">\n\t\t\t\t\t\t<div class=\"elementor-element elementor-element-0daaac0 elementor-widget elementor-widget-text-editor\" data-id=\"0daaac0\" data-element_type=\"widget\" data-e-type=\"widget\" data-widget_type=\"text-editor.default\">\n\t\t\t\t\t\t\t\t\t<p class=\"translation-block\">\u00c0 <em>El Dau de Can Miquel<\/em>, nous participons sans interruption \u00e0 la c\u00e9l\u00e8bre campagne gastronomique <strong>Ganxotapa<\/strong>, une initiative devenue un \u00e9v\u00e9nement culinaire incontournable de la ville. Pr\u00e9sents aux \u00e9ditions de printemps et d'automne, nous r\u00e9affirmons notre engagement envers la cr\u00e9ativit\u00e9, la qualit\u00e9 et la gastronomie locale.<\/p><p class=\"translation-block\"><strong>Ganxotapa<\/strong> est un parcours gastronomique o\u00f9 les \u00e9tablissements participants cr\u00e9ent une tapa sp\u00e9ciale, con\u00e7ue sp\u00e9cialement pour l'occasion et \u00e0 d\u00e9guster avec un verre. Chaque ann\u00e9e, cette campagne attire des milliers de personnes, suscite un vif enthousiasme et devient un rendez-vous incontournable pour les amateurs de bonne cuisine.<\/p><p class=\"translation-block\">Au fil des \u00e9ditions, <em>El Dau de Can Miquel<\/em> <strong>a re\u00e7u de nombreuses r\u00e9compenses<\/strong>, une reconnaissance qui nous a permis de devenir <strong>un \u00e9tablissement phare de Ganxotapa<\/strong>. Chaque ann\u00e9e, nous relevons le d\u00e9fi avec enthousiasme, en nous concentrant sur des tapas originales et \u00e9quilibr\u00e9es, au caract\u00e8re distinctif, con\u00e7ues pour surprendre et laisser un souvenir imp\u00e9rissable.<\/p><p class=\"translation-block\">Pour nous, Ganxotapa est bien plus qu'une campagne : c'est l'occasion de continuer \u00e0 innover, de cr\u00e9er des liens avec le public et de contribuer \u00e0 un \u00e9v\u00e9nement qui <strong>prend de l'ampleur, gagne en prestige et suscite chaque ann\u00e9e une plus grande anticipation<\/strong>.<\/p>\t\t\t\t\t\t\t\t<\/div>\n\t\t\t\t\t<\/div>\n\t\t<\/div>\n\t\t\t\t\t<\/div>\n\t\t<\/section>\n\t\t\t\t<section class=\"elementor-section elementor-top-section elementor-element elementor-element-21c3ac8 elementor-section-full_width elementor-section-height-default elementor-section-height-default\" data-id=\"21c3ac8\" data-element_type=\"section\" data-e-type=\"section\">\n\t\t\t\t\t\t<div class=\"elementor-container elementor-column-gap-no\">\n\t\t\t\t\t<div class=\"elementor-column elementor-col-100 elementor-top-column elementor-element elementor-element-7b70c9a\" data-id=\"7b70c9a\" data-element_type=\"column\" data-e-type=\"column\">\n\t\t\t<div class=\"elementor-widget-wrap elementor-element-populated\">\n\t\t\t\t\t\t<div class=\"elementor-element elementor-element-1b0ae0a elementor-widget elementor-widget-gallery\" data-id=\"1b0ae0a\" data-element_type=\"widget\" data-e-type=\"widget\" data-settings=\"{&quot;gallery_layout&quot;:&quot;justified&quot;,&quot;gap&quot;:{&quot;unit&quot;:&quot;px&quot;,&quot;size&quot;:4,&quot;sizes&quot;:[]},&quot;background_overlay_hover_animation&quot;:&quot;enter-zoom-in&quot;,&quot;image_hover_animation&quot;:&quot;grow&quot;,&quot;ideal_row_height&quot;:{&quot;unit&quot;:&quot;px&quot;,&quot;size&quot;:280,&quot;sizes&quot;:[]},&quot;ideal_row_height_mobile&quot;:{&quot;unit&quot;:&quot;px&quot;,&quot;size&quot;:240,&quot;sizes&quot;:[]},&quot;gap_tablet&quot;:{&quot;unit&quot;:&quot;px&quot;,&quot;size&quot;:4,&quot;sizes&quot;:[]},&quot;gap_mobile&quot;:{&quot;unit&quot;:&quot;px&quot;,&quot;size&quot;:4,&quot;sizes&quot;:[]},&quot;ideal_row_height_tablet&quot;:{&quot;unit&quot;:&quot;px&quot;,&quot;size&quot;:180,&quot;sizes&quot;:[]},&quot;lazyload&quot;:&quot;yes&quot;,&quot;link_to&quot;:&quot;file&quot;,&quot;overlay_background&quot;:&quot;yes&quot;,&quot;content_hover_animation&quot;:&quot;fade-in&quot;}\" data-widget_type=\"gallery.default\">\n\t\t\t\t\t\t\t<div class=\"elementor-gallery__container\">\n\t\t\t\t\t\t\t<a class=\"e-gallery-item elementor-gallery-item elementor-animated-content\" href=\"https:\/\/www.canmiquel.cat\/wp-content\/uploads\/2026\/01\/Can-Miquel-El-Dau-Ganxotapes-5.jpg\" data-elementor-open-lightbox=\"yes\" data-elementor-lightbox-slideshow=\"1b0ae0a\" data-elementor-lightbox-title=\"Can Miquel - El Dau - Ganxotapes\" data-e-action-hash=\"#elementor-action%3Aaction%3Dlightbox%26settings%3DeyJpZCI6MjU2MCwidXJsIjoiaHR0cHM6XC9cL3d3dy5jYW5taXF1ZWwuY2F0XC93cC1jb250ZW50XC91cGxvYWRzXC8yMDI2XC8wMVwvQ2FuLU1pcXVlbC1FbC1EYXUtR2FueG90YXBlcy01LmpwZyIsInNsaWRlc2hvdyI6IjFiMGFlMGEifQ%3D%3D\">\n\t\t\t\t\t<div class=\"e-gallery-image elementor-gallery-item__image\" data-thumbnail=\"https:\/\/www.canmiquel.cat\/wp-content\/uploads\/2026\/01\/Can-Miquel-El-Dau-Ganxotapes-5.jpg\" data-width=\"960\" data-height=\"960\" aria-label=\"Can Miquel - El Dau - Ganxotapes\" role=\"img\" ><\/div>\n\t\t\t\t\t\t\t\t\t\t\t<div class=\"elementor-gallery-item__overlay\"><\/div>\n\t\t\t\t\t\t\t\t\t\t\t\t\t\t<\/a>\n\t\t\t\t\t\t\t<a class=\"e-gallery-item elementor-gallery-item elementor-animated-content\" href=\"https:\/\/www.canmiquel.cat\/wp-content\/uploads\/2026\/01\/Can-Miquel-El-Dau-Ganxotapes-2.jpg\" data-elementor-open-lightbox=\"yes\" data-elementor-lightbox-slideshow=\"1b0ae0a\" data-elementor-lightbox-title=\"Can Miquel - El Dau - Ganxotapes\" data-e-action-hash=\"#elementor-action%3Aaction%3Dlightbox%26settings%3DeyJpZCI6MjU1NywidXJsIjoiaHR0cHM6XC9cL3d3dy5jYW5taXF1ZWwuY2F0XC93cC1jb250ZW50XC91cGxvYWRzXC8yMDI2XC8wMVwvQ2FuLU1pcXVlbC1FbC1EYXUtR2FueG90YXBlcy0yLmpwZyIsInNsaWRlc2hvdyI6IjFiMGFlMGEifQ%3D%3D\">\n\t\t\t\t\t<div class=\"e-gallery-image elementor-gallery-item__image\" data-thumbnail=\"https:\/\/www.canmiquel.cat\/wp-content\/uploads\/2026\/01\/Can-Miquel-El-Dau-Ganxotapes-2.jpg\" data-width=\"1071\" data-height=\"716\" aria-label=\"Can Miquel - El Dau - Ganxotapes\" role=\"img\" ><\/div>\n\t\t\t\t\t\t\t\t\t\t\t<div class=\"elementor-gallery-item__overlay\"><\/div>\n\t\t\t\t\t\t\t\t\t\t\t\t\t\t<\/a>\n\t\t\t\t\t\t\t<a class=\"e-gallery-item elementor-gallery-item elementor-animated-content\" href=\"https:\/\/www.canmiquel.cat\/wp-content\/uploads\/2026\/01\/Can-Miquel-El-Dau-Ganxotapes-3.jpg\" data-elementor-open-lightbox=\"yes\" data-elementor-lightbox-slideshow=\"1b0ae0a\" data-elementor-lightbox-title=\"Can Miquel - El Dau - Ganxotapes\" data-e-action-hash=\"#elementor-action%3Aaction%3Dlightbox%26settings%3DeyJpZCI6MjU1OCwidXJsIjoiaHR0cHM6XC9cL3d3dy5jYW5taXF1ZWwuY2F0XC93cC1jb250ZW50XC91cGxvYWRzXC8yMDI2XC8wMVwvQ2FuLU1pcXVlbC1FbC1EYXUtR2FueG90YXBlcy0zLmpwZyIsInNsaWRlc2hvdyI6IjFiMGFlMGEifQ%3D%3D\">\n\t\t\t\t\t<div class=\"e-gallery-image elementor-gallery-item__image\" data-thumbnail=\"https:\/\/www.canmiquel.cat\/wp-content\/uploads\/2026\/01\/Can-Miquel-El-Dau-Ganxotapes-3.jpg\" data-width=\"1071\" data-height=\"716\" aria-label=\"Can Miquel - El Dau - Ganxotapes\" role=\"img\" ><\/div>\n\t\t\t\t\t\t\t\t\t\t\t<div class=\"elementor-gallery-item__overlay\"><\/div>\n\t\t\t\t\t\t\t\t\t\t\t\t\t\t<\/a>\n\t\t\t\t\t\t\t<a class=\"e-gallery-item elementor-gallery-item elementor-animated-content\" href=\"https:\/\/www.canmiquel.cat\/wp-content\/uploads\/2026\/01\/Can-Miquel-El-Dau-Ganxotapes-6.jpg\" data-elementor-open-lightbox=\"yes\" data-elementor-lightbox-slideshow=\"1b0ae0a\" data-elementor-lightbox-title=\"Can Miquel - El Dau - Ganxotapes\" data-e-action-hash=\"#elementor-action%3Aaction%3Dlightbox%26settings%3DeyJpZCI6MjU2MSwidXJsIjoiaHR0cHM6XC9cL3d3dy5jYW5taXF1ZWwuY2F0XC93cC1jb250ZW50XC91cGxvYWRzXC8yMDI2XC8wMVwvQ2FuLU1pcXVlbC1FbC1EYXUtR2FueG90YXBlcy02LmpwZyIsInNsaWRlc2hvdyI6IjFiMGFlMGEifQ%3D%3D\">\n\t\t\t\t\t<div class=\"e-gallery-image elementor-gallery-item__image\" data-thumbnail=\"https:\/\/www.canmiquel.cat\/wp-content\/uploads\/2026\/01\/Can-Miquel-El-Dau-Ganxotapes-6.jpg\" data-width=\"960\" data-height=\"960\" aria-label=\"Can Miquel - El Dau - Ganxotapes\" role=\"img\" ><\/div>\n\t\t\t\t\t\t\t\t\t\t\t<div class=\"elementor-gallery-item__overlay\"><\/div>\n\t\t\t\t\t\t\t\t\t\t\t\t\t\t<\/a>\n\t\t\t\t\t\t\t<a class=\"e-gallery-item elementor-gallery-item elementor-animated-content\" href=\"https:\/\/www.canmiquel.cat\/wp-content\/uploads\/2026\/01\/Can-Miquel-El-Dau-Ganxotapes-7.jpg\" data-elementor-open-lightbox=\"yes\" data-elementor-lightbox-slideshow=\"1b0ae0a\" data-elementor-lightbox-title=\"Can Miquel - El Dau - Ganxotapes\" data-e-action-hash=\"#elementor-action%3Aaction%3Dlightbox%26settings%3DeyJpZCI6MjU2MiwidXJsIjoiaHR0cHM6XC9cL3d3dy5jYW5taXF1ZWwuY2F0XC93cC1jb250ZW50XC91cGxvYWRzXC8yMDI2XC8wMVwvQ2FuLU1pcXVlbC1FbC1EYXUtR2FueG90YXBlcy03LmpwZyIsInNsaWRlc2hvdyI6IjFiMGFlMGEifQ%3D%3D\">\n\t\t\t\t\t<div class=\"e-gallery-image elementor-gallery-item__image\" data-thumbnail=\"https:\/\/www.canmiquel.cat\/wp-content\/uploads\/2026\/01\/Can-Miquel-El-Dau-Ganxotapes-7.jpg\" data-width=\"1152\" data-height=\"768\" aria-label=\"Can Miquel - El Dau - Ganxotapes\" role=\"img\" ><\/div>\n\t\t\t\t\t\t\t\t\t\t\t<div class=\"elementor-gallery-item__overlay\"><\/div>\n\t\t\t\t\t\t\t\t\t\t\t\t\t\t<\/a>\n\t\t\t\t\t\t\t<a class=\"e-gallery-item elementor-gallery-item elementor-animated-content\" href=\"https:\/\/www.canmiquel.cat\/wp-content\/uploads\/2026\/01\/Can-Miquel-El-Dau-Ganxotapes-1.jpg\" data-elementor-open-lightbox=\"yes\" data-elementor-lightbox-slideshow=\"1b0ae0a\" data-elementor-lightbox-title=\"Can Miquel - El Dau - Ganxotapes\" data-e-action-hash=\"#elementor-action%3Aaction%3Dlightbox%26settings%3DeyJpZCI6MjU1NiwidXJsIjoiaHR0cHM6XC9cL3d3dy5jYW5taXF1ZWwuY2F0XC93cC1jb250ZW50XC91cGxvYWRzXC8yMDI2XC8wMVwvQ2FuLU1pcXVlbC1FbC1EYXUtR2FueG90YXBlcy0xLmpwZyIsInNsaWRlc2hvdyI6IjFiMGFlMGEifQ%3D%3D\">\n\t\t\t\t\t<div class=\"e-gallery-image elementor-gallery-item__image\" data-thumbnail=\"https:\/\/www.canmiquel.cat\/wp-content\/uploads\/2026\/01\/Can-Miquel-El-Dau-Ganxotapes-1.jpg\" data-width=\"1071\" data-height=\"716\" aria-label=\"Can Miquel - El Dau - Ganxotapes\" role=\"img\" ><\/div>\n\t\t\t\t\t\t\t\t\t\t\t<div class=\"elementor-gallery-item__overlay\"><\/div>\n\t\t\t\t\t\t\t\t\t\t\t\t\t\t<\/a>\n\t\t\t\t\t\t\t<a class=\"e-gallery-item elementor-gallery-item elementor-animated-content\" href=\"https:\/\/www.canmiquel.cat\/wp-content\/uploads\/2026\/01\/Can-Miquel-El-Dau-Ganxotapes-4.jpg\" data-elementor-open-lightbox=\"yes\" data-elementor-lightbox-slideshow=\"1b0ae0a\" data-elementor-lightbox-title=\"Can Miquel - El Dau - Ganxotapes\" data-e-action-hash=\"#elementor-action%3Aaction%3Dlightbox%26settings%3DeyJpZCI6MjU1OSwidXJsIjoiaHR0cHM6XC9cL3d3dy5jYW5taXF1ZWwuY2F0XC93cC1jb250ZW50XC91cGxvYWRzXC8yMDI2XC8wMVwvQ2FuLU1pcXVlbC1FbC1EYXUtR2FueG90YXBlcy00LmpwZyIsInNsaWRlc2hvdyI6IjFiMGFlMGEifQ%3D%3D\">\n\t\t\t\t\t<div class=\"e-gallery-image elementor-gallery-item__image\" data-thumbnail=\"https:\/\/www.canmiquel.cat\/wp-content\/uploads\/2026\/01\/Can-Miquel-El-Dau-Ganxotapes-4.jpg\" data-width=\"1071\" data-height=\"716\" aria-label=\"Can Miquel - El Dau - Ganxotapes\" role=\"img\" ><\/div>\n\t\t\t\t\t\t\t\t\t\t\t<div class=\"elementor-gallery-item__overlay\"><\/div>\n\t\t\t\t\t\t\t\t\t\t\t\t\t\t<\/a>\n\t\t\t\t\t<\/div>\n\t\t\t\t\t<\/div>\n\t\t\t\t\t<\/div>\n\t\t<\/div>\n\t\t\t\t\t<\/div>\n\t\t<\/section>\n\t\t\t\t<\/div>","protected":false},"excerpt":{"rendered":"<p>A El Dau de Can Miquel participem de manera ininterrompuda a la reconeguda campanya gastron\u00f2mica Ganxotapa, una iniciativa que s\u2019ha consolidat com un dels grans esdeveniments culinaris de la ciutat. Hi som presents en les dues edicions anuals, primavera i tardor, reafirmant el nostre comprom\u00eds amb la creativitat, la qualitat i la gastronomia local. La<br \/><a class=\"moretag\" href=\"https:\/\/www.canmiquel.cat\/fr\/ganxotapes\/\">+ Read More<\/a><\/p>","protected":false},"author":1,"featured_media":2543,"parent":0,"menu_order":0,"comment_status":"closed","ping_status":"closed","template":"","meta":{"footnotes":""},"class_list":["post-2541","page","type-page","status-publish","has-post-thumbnail","hentry"],"yoast_head":"<!-- This site is optimized with the Yoast SEO plugin v27.4 - https:\/\/yoast.com\/product\/yoast-seo-wordpress\/ -->\n<title>Ganxotapes - Can Miquel<\/title>\n<meta name=\"robots\" content=\"index, follow, max-snippet:-1, max-image-preview:large, max-video-preview:-1\" \/>\n<link rel=\"canonical\" href=\"https:\/\/www.canmiquel.cat\/fr\/ganxotapes\/\" \/>\n<meta property=\"og:locale\" content=\"fr_FR\" \/>\n<meta property=\"og:type\" content=\"article\" \/>\n<meta property=\"og:title\" content=\"Ganxotapes - Can Miquel\" \/>\n<meta property=\"og:description\" content=\"A El Dau de Can Miquel participem de manera ininterrompuda a la reconeguda campanya gastron\u00f2mica Ganxotapa, una iniciativa que s\u2019ha consolidat com un dels grans esdeveniments culinaris de la ciutat. Hi som presents en les dues edicions anuals, primavera i tardor, reafirmant el nostre comprom\u00eds amb la creativitat, la qualitat i la gastronomia local. La+ Read More\" \/>\n<meta property=\"og:url\" content=\"https:\/\/www.canmiquel.cat\/fr\/ganxotapes\/\" \/>\n<meta property=\"og:site_name\" content=\"Can Miquel\" \/>\n<meta property=\"article:modified_time\" content=\"2026-01-14T16:57:14+00:00\" \/>\n<meta property=\"og:image\" content=\"https:\/\/www.canmiquel.cat\/wp-content\/uploads\/2026\/01\/Can-Miquel-Ganxotapes-H-.jpg\" \/>\n\t<meta property=\"og:image:width\" content=\"1400\" \/>\n\t<meta property=\"og:image:height\" content=\"360\" \/>\n\t<meta property=\"og:image:type\" content=\"image\/jpeg\" \/>\n<meta name=\"twitter:card\" content=\"summary_large_image\" \/>\n<meta name=\"twitter:label1\" content=\"Dur\u00e9e de lecture estim\u00e9e\" \/>\n\t<meta name=\"twitter:data1\" content=\"1 minute\" \/>\n<script type=\"application\/ld+json\" class=\"yoast-schema-graph\">{\"@context\":\"https:\\\/\\\/schema.org\",\"@graph\":[{\"@type\":\"WebPage\",\"@id\":\"https:\\\/\\\/www.canmiquel.cat\\\/ganxotapes\\\/\",\"url\":\"https:\\\/\\\/www.canmiquel.cat\\\/ganxotapes\\\/\",\"name\":\"Ganxotapes - Can Miquel\",\"isPartOf\":{\"@id\":\"https:\\\/\\\/www.canmiquel.cat\\\/#website\"},\"primaryImageOfPage\":{\"@id\":\"https:\\\/\\\/www.canmiquel.cat\\\/ganxotapes\\\/#primaryimage\"},\"image\":{\"@id\":\"https:\\\/\\\/www.canmiquel.cat\\\/ganxotapes\\\/#primaryimage\"},\"thumbnailUrl\":\"https:\\\/\\\/www.canmiquel.cat\\\/wp-content\\\/uploads\\\/2026\\\/01\\\/Can-Miquel-Ganxotapes-H-.jpg\",\"datePublished\":\"2026-01-14T16:01:48+00:00\",\"dateModified\":\"2026-01-14T16:57:14+00:00\",\"breadcrumb\":{\"@id\":\"https:\\\/\\\/www.canmiquel.cat\\\/ganxotapes\\\/#breadcrumb\"},\"inLanguage\":\"fr-FR\",\"potentialAction\":[{\"@type\":\"ReadAction\",\"target\":[\"https:\\\/\\\/www.canmiquel.cat\\\/ganxotapes\\\/\"]}]},{\"@type\":\"ImageObject\",\"inLanguage\":\"fr-FR\",\"@id\":\"https:\\\/\\\/www.canmiquel.cat\\\/ganxotapes\\\/#primaryimage\",\"url\":\"https:\\\/\\\/www.canmiquel.cat\\\/wp-content\\\/uploads\\\/2026\\\/01\\\/Can-Miquel-Ganxotapes-H-.jpg\",\"contentUrl\":\"https:\\\/\\\/www.canmiquel.cat\\\/wp-content\\\/uploads\\\/2026\\\/01\\\/Can-Miquel-Ganxotapes-H-.jpg\",\"width\":1400,\"height\":360,\"caption\":\"Can Miquel - Ganxotapes -H-\"},{\"@type\":\"BreadcrumbList\",\"@id\":\"https:\\\/\\\/www.canmiquel.cat\\\/ganxotapes\\\/#breadcrumb\",\"itemListElement\":[{\"@type\":\"ListItem\",\"position\":1,\"name\":\"Home\",\"item\":\"https:\\\/\\\/www.canmiquel.cat\\\/\"},{\"@type\":\"ListItem\",\"position\":2,\"name\":\"Ganxotapes\"}]},{\"@type\":\"WebSite\",\"@id\":\"https:\\\/\\\/www.canmiquel.cat\\\/#website\",\"url\":\"https:\\\/\\\/www.canmiquel.cat\\\/\",\"name\":\"Can Miquel\",\"description\":\"Carnisseria i xarcuteria selecta-delicatessen a Sant Feliu de Gu\u00edxols\",\"publisher\":{\"@id\":\"https:\\\/\\\/www.canmiquel.cat\\\/#organization\"},\"potentialAction\":[{\"@type\":\"SearchAction\",\"target\":{\"@type\":\"EntryPoint\",\"urlTemplate\":\"https:\\\/\\\/www.canmiquel.cat\\\/?s={search_term_string}\"},\"query-input\":{\"@type\":\"PropertyValueSpecification\",\"valueRequired\":true,\"valueName\":\"search_term_string\"}}],\"inLanguage\":\"fr-FR\"},{\"@type\":\"Organization\",\"@id\":\"https:\\\/\\\/www.canmiquel.cat\\\/#organization\",\"name\":\"Can Miquel\",\"url\":\"https:\\\/\\\/www.canmiquel.cat\\\/\",\"logo\":{\"@type\":\"ImageObject\",\"inLanguage\":\"fr-FR\",\"@id\":\"https:\\\/\\\/www.canmiquel.cat\\\/#\\\/schema\\\/logo\\\/image\\\/\",\"url\":\"https:\\\/\\\/www.canmiquel.cat\\\/wp-content\\\/uploads\\\/2020\\\/09\\\/Can-Miquel-Logo.png\",\"contentUrl\":\"https:\\\/\\\/www.canmiquel.cat\\\/wp-content\\\/uploads\\\/2020\\\/09\\\/Can-Miquel-Logo.png\",\"width\":193,\"height\":80,\"caption\":\"Can Miquel\"},\"image\":{\"@id\":\"https:\\\/\\\/www.canmiquel.cat\\\/#\\\/schema\\\/logo\\\/image\\\/\"},\"sameAs\":[\"https:\\\/\\\/www.instagram.com\\\/eldaudecanmiquel\\\/\"]}]}<\/script>\n<!-- \/ Yoast SEO plugin. -->","yoast_head_json":{"title":"Ganxotapes - Can Miquel","robots":{"index":"index","follow":"follow","max-snippet":"max-snippet:-1","max-image-preview":"max-image-preview:large","max-video-preview":"max-video-preview:-1"},"canonical":"https:\/\/www.canmiquel.cat\/fr\/ganxotapes\/","og_locale":"fr_FR","og_type":"article","og_title":"Ganxotapes - Can Miquel","og_description":"A El Dau de Can Miquel participem de manera ininterrompuda a la reconeguda campanya gastron\u00f2mica Ganxotapa, una iniciativa que s\u2019ha consolidat com un dels grans esdeveniments culinaris de la ciutat. Hi som presents en les dues edicions anuals, primavera i tardor, reafirmant el nostre comprom\u00eds amb la creativitat, la qualitat i la gastronomia local. La+ Read More","og_url":"https:\/\/www.canmiquel.cat\/fr\/ganxotapes\/","og_site_name":"Can Miquel","article_modified_time":"2026-01-14T16:57:14+00:00","og_image":[{"width":1400,"height":360,"url":"https:\/\/www.canmiquel.cat\/wp-content\/uploads\/2026\/01\/Can-Miquel-Ganxotapes-H-.jpg","type":"image\/jpeg"}],"twitter_card":"summary_large_image","twitter_misc":{"Dur\u00e9e de lecture estim\u00e9e":"1 minute"},"schema":{"@context":"https:\/\/schema.org","@graph":[{"@type":"WebPage","@id":"https:\/\/www.canmiquel.cat\/ganxotapes\/","url":"https:\/\/www.canmiquel.cat\/ganxotapes\/","name":"Ganxotapes - Can Miquel","isPartOf":{"@id":"https:\/\/www.canmiquel.cat\/#website"},"primaryImageOfPage":{"@id":"https:\/\/www.canmiquel.cat\/ganxotapes\/#primaryimage"},"image":{"@id":"https:\/\/www.canmiquel.cat\/ganxotapes\/#primaryimage"},"thumbnailUrl":"https:\/\/www.canmiquel.cat\/wp-content\/uploads\/2026\/01\/Can-Miquel-Ganxotapes-H-.jpg","datePublished":"2026-01-14T16:01:48+00:00","dateModified":"2026-01-14T16:57:14+00:00","breadcrumb":{"@id":"https:\/\/www.canmiquel.cat\/ganxotapes\/#breadcrumb"},"inLanguage":"fr-FR","potentialAction":[{"@type":"ReadAction","target":["https:\/\/www.canmiquel.cat\/ganxotapes\/"]}]},{"@type":"ImageObject","inLanguage":"fr-FR","@id":"https:\/\/www.canmiquel.cat\/ganxotapes\/#primaryimage","url":"https:\/\/www.canmiquel.cat\/wp-content\/uploads\/2026\/01\/Can-Miquel-Ganxotapes-H-.jpg","contentUrl":"https:\/\/www.canmiquel.cat\/wp-content\/uploads\/2026\/01\/Can-Miquel-Ganxotapes-H-.jpg","width":1400,"height":360,"caption":"Can Miquel - Ganxotapes -H-"},{"@type":"BreadcrumbList","@id":"https:\/\/www.canmiquel.cat\/ganxotapes\/#breadcrumb","itemListElement":[{"@type":"ListItem","position":1,"name":"Home","item":"https:\/\/www.canmiquel.cat\/"},{"@type":"ListItem","position":2,"name":"Ganxotapes"}]},{"@type":"WebSite","@id":"https:\/\/www.canmiquel.cat\/#website","url":"https:\/\/www.canmiquel.cat\/","name":"Can Miquel","description":"Carnisseria i xarcuteria selecta-delicatessen a Sant Feliu de Gu\u00edxols","publisher":{"@id":"https:\/\/www.canmiquel.cat\/#organization"},"potentialAction":[{"@type":"SearchAction","target":{"@type":"EntryPoint","urlTemplate":"https:\/\/www.canmiquel.cat\/?s={search_term_string}"},"query-input":{"@type":"PropertyValueSpecification","valueRequired":true,"valueName":"search_term_string"}}],"inLanguage":"fr-FR"},{"@type":"Organization","@id":"https:\/\/www.canmiquel.cat\/#organization","name":"Can Miquel","url":"https:\/\/www.canmiquel.cat\/","logo":{"@type":"ImageObject","inLanguage":"fr-FR","@id":"https:\/\/www.canmiquel.cat\/#\/schema\/logo\/image\/","url":"https:\/\/www.canmiquel.cat\/wp-content\/uploads\/2020\/09\/Can-Miquel-Logo.png","contentUrl":"https:\/\/www.canmiquel.cat\/wp-content\/uploads\/2020\/09\/Can-Miquel-Logo.png","width":193,"height":80,"caption":"Can Miquel"},"image":{"@id":"https:\/\/www.canmiquel.cat\/#\/schema\/logo\/image\/"},"sameAs":["https:\/\/www.instagram.com\/eldaudecanmiquel\/"]}]}},"_links":{"self":[{"href":"https:\/\/www.canmiquel.cat\/fr\/wp-json\/wp\/v2\/pages\/2541","targetHints":{"allow":["GET"]}}],"collection":[{"href":"https:\/\/www.canmiquel.cat\/fr\/wp-json\/wp\/v2\/pages"}],"about":[{"href":"https:\/\/www.canmiquel.cat\/fr\/wp-json\/wp\/v2\/types\/page"}],"author":[{"embeddable":true,"href":"https:\/\/www.canmiquel.cat\/fr\/wp-json\/wp\/v2\/users\/1"}],"replies":[{"embeddable":true,"href":"https:\/\/www.canmiquel.cat\/fr\/wp-json\/wp\/v2\/comments?post=2541"}],"version-history":[{"count":0,"href":"https:\/\/www.canmiquel.cat\/fr\/wp-json\/wp\/v2\/pages\/2541\/revisions"}],"wp:featuredmedia":[{"embeddable":true,"href":"https:\/\/www.canmiquel.cat\/fr\/wp-json\/wp\/v2\/media\/2543"}],"wp:attachment":[{"href":"https:\/\/www.canmiquel.cat\/fr\/wp-json\/wp\/v2\/media?parent=2541"}],"curies":[{"name":"wp","href":"https:\/\/api.w.org\/{rel}","templated":true}]}}