{"id":18,"date":"2020-05-29T19:10:04","date_gmt":"2020-05-29T17:10:04","guid":{"rendered":"https:\/\/www.canmiquel.cat\/?page_id=18"},"modified":"2024-09-20T19:31:56","modified_gmt":"2024-09-20T17:31:56","slug":"avis-legal","status":"publish","type":"page","link":"https:\/\/www.canmiquel.cat\/fr\/avis-legal\/","title":{"rendered":"Avis juridique"},"content":{"rendered":"<h4>Informations conform\u00e9ment \u00e0 l'article 10 de la LSSI<\/h4>\n<h3>Le propri\u00e9taire de ce site web est\u00a0:<\/h3>\n<p>Identit\u00e9: <strong>Can Miquel SL<\/strong><br \/>\nCIF: <strong>B17278672<\/strong><br \/>\nAdresse: <strong>Carrer Especiers, 11 | 17220 Sant Feliu de Gu\u00edxols. Girona.<br \/>\n<\/strong>T\u00e9l\u00e9phone: <strong>972 32 03 30<br \/>\n<\/strong>E-mail<strong>:<\/strong> <a href=\"mailto:canmiquel@canmiquel.cat\"><strong>canmiquel@canmiquel.cat<\/strong><\/a><\/p>\n<h3>Conditions d'utilisation<\/h3>\n<p style=\"text-align: justify;\">L\u2019utilisation de ce site web implique l\u2019acceptation pleine et enti\u00e8re des conditions g\u00e9n\u00e9rales du pr\u00e9sent avis juridique. Tout litige relatif \u00e0 ce site web sera exclusivement r\u00e9gi par le droit espagnol. Tout utilisateur de ce site web, quel que soit son lieu de r\u00e9sidence, s\u2019engage \u00e0 respecter les pr\u00e9sentes clauses et renonce express\u00e9ment \u00e0 toute autre juridiction.<\/p>\n<h3>Propri\u00e9t\u00e9 intellectuelle et industrielle<\/h3>\n<p style=\"text-align: justify;\" class=\"translation-block\">L\u2019ensemble du contenu de ce site web, y compris les textes, images, sons, marques, logos et autres \u00e9l\u00e9ments, ainsi que sa structure, sa conception, ses couleurs et sa pr\u00e9sentation, est prot\u00e9g\u00e9 par des droits de propri\u00e9t\u00e9 industrielle et intellectuelle que les utilisateurs de ce site sont tenus de respecter. Toute transformation, alt\u00e9ration, communication publique ou autre forme d\u2019exploitation, par quelque moyen que ce soit, est interdite sans l\u2019autorisation expresse de <strong>Can Miquel SL<\/strong>.<\/p>\n<h3>Responsabilit\u00e9 du contenu<\/h3>\n<p style=\"text-align: justify;\" class=\"translation-block\">Bien que <strong>Can Miquel<\/strong> agisse avec la plus grande diligence, il est possible que certaines donn\u00e9es ou informations ne soient pas enti\u00e8rement \u00e0 jour au moment o\u00f9 l'utilisateur consulte le site web. Par cons\u00e9quent, les informations pr\u00e9sent\u00e9es sur ce site web sont fournies \u00e0 titre indicatif uniquement et n'engagent pas <strong>Can Miquel<\/strong>.<\/p>\n<p style=\"text-align: justify;\" class=\"translation-block\"><strong>Can Miquel<\/strong> ne sera pas responsable des informations qui pourraient \u00eatre obtenues par le biais des liens inclus sur son site Web.<\/p>\n<p style=\"text-align: justify;\" class=\"translation-block\"><strong>Can Miquel<\/strong> se r\u00e9serve le droit d'apporter, \u00e0 tout moment et sans pr\u00e9avis, des modifications ou des mises \u00e0 jour aux informations et \u00e0 l'un quelconque des \u00e9l\u00e9ments qui composent la conception et la configuration du site Web.<\/p>\n<h3>Droit applicable et juridiction<\/h3>\n<p style=\"text-align: justify;\">L\u2019utilisation de ce site web implique l\u2019acceptation pleine et enti\u00e8re des conditions g\u00e9n\u00e9rales du pr\u00e9sent avis juridique. Tout litige relatif \u00e0 ce site web sera exclusivement r\u00e9gi par le droit espagnol. Tout utilisateur de ce site web, quel que soit son lieu de r\u00e9sidence, s\u2019engage \u00e0 respecter les pr\u00e9sentes clauses et renonce express\u00e9ment \u00e0 toute autre juridiction.<\/p>","protected":false},"excerpt":{"rendered":"<p>Informaci\u00f3 de Conformitat amb l&#8217;article 10 de la LSSI El titular d&#8217;aquesta web \u00e9s: Identitat: Can Miquel SL CIF: B17278672 Adre\u00e7a: Carrer Especiers, 11 | 17220 Sant Feliu de Gu\u00edxols. Girona. Tel\u00e8fon: 972 32 03 30 Correu electr\u00f2nic: canmiquel@canmiquel.cat Condicions d&#8217;\u00fas L&#8217;\u00fas d&#8217;aquest web implica l&#8217;acceptaci\u00f3 plena dels termes i condicions del present av\u00eds legal.<br \/><a class=\"moretag\" href=\"https:\/\/www.canmiquel.cat\/fr\/avis-legal\/\">+ Read More<\/a><\/p>","protected":false},"author":1,"featured_media":1487,"parent":0,"menu_order":0,"comment_status":"closed","ping_status":"closed","template":"","meta":{"footnotes":""},"class_list":["post-18","page","type-page","status-publish","has-post-thumbnail","hentry"],"yoast_head":"<!-- This site is optimized with the Yoast SEO plugin v27.4 - https:\/\/yoast.com\/product\/yoast-seo-wordpress\/ -->\n<title>Av\u00eds legal - Can Miquel<\/title>\n<meta name=\"robots\" content=\"index, follow, max-snippet:-1, max-image-preview:large, max-video-preview:-1\" \/>\n<link rel=\"canonical\" href=\"https:\/\/www.canmiquel.cat\/fr\/avis-legal\/\" \/>\n<meta property=\"og:locale\" content=\"fr_FR\" \/>\n<meta property=\"og:type\" content=\"article\" \/>\n<meta property=\"og:title\" content=\"Av\u00eds legal - Can Miquel\" \/>\n<meta property=\"og:description\" content=\"Informaci\u00f3 de Conformitat amb l&#8217;article 10 de la LSSI El titular d&#8217;aquesta web \u00e9s: Identitat: Can Miquel SL CIF: B17278672 Adre\u00e7a: Carrer Especiers, 11 | 17220 Sant Feliu de Gu\u00edxols. Girona. Tel\u00e8fon: 972 32 03 30 Correu electr\u00f2nic: canmiquel@canmiquel.cat Condicions d&#8217;\u00fas L&#8217;\u00fas d&#8217;aquest web implica l&#8217;acceptaci\u00f3 plena dels termes i condicions del present av\u00eds legal.+ Read More\" \/>\n<meta property=\"og:url\" content=\"https:\/\/www.canmiquel.cat\/fr\/avis-legal\/\" \/>\n<meta property=\"og:site_name\" content=\"Can Miquel\" \/>\n<meta property=\"article:modified_time\" content=\"2024-09-20T17:31:56+00:00\" \/>\n<meta property=\"og:image\" content=\"https:\/\/www.canmiquel.cat\/wp-content\/uploads\/2020\/09\/Can-Miquel-Avis-legal-H-.jpg\" \/>\n\t<meta property=\"og:image:width\" content=\"1400\" \/>\n\t<meta property=\"og:image:height\" content=\"360\" \/>\n\t<meta property=\"og:image:type\" content=\"image\/jpeg\" \/>\n<meta name=\"twitter:card\" content=\"summary_large_image\" \/>\n<meta name=\"twitter:label1\" content=\"Dur\u00e9e de lecture estim\u00e9e\" \/>\n\t<meta name=\"twitter:data1\" content=\"2 minutes\" \/>\n<script type=\"application\/ld+json\" class=\"yoast-schema-graph\">{\"@context\":\"https:\\\/\\\/schema.org\",\"@graph\":[{\"@type\":\"WebPage\",\"@id\":\"https:\\\/\\\/www.canmiquel.cat\\\/avis-legal\\\/\",\"url\":\"https:\\\/\\\/www.canmiquel.cat\\\/avis-legal\\\/\",\"name\":\"Av\u00eds legal - Can Miquel\",\"isPartOf\":{\"@id\":\"https:\\\/\\\/www.canmiquel.cat\\\/#website\"},\"primaryImageOfPage\":{\"@id\":\"https:\\\/\\\/www.canmiquel.cat\\\/avis-legal\\\/#primaryimage\"},\"image\":{\"@id\":\"https:\\\/\\\/www.canmiquel.cat\\\/avis-legal\\\/#primaryimage\"},\"thumbnailUrl\":\"https:\\\/\\\/www.canmiquel.cat\\\/wp-content\\\/uploads\\\/2020\\\/09\\\/Can-Miquel-Avis-legal-H-.jpg\",\"datePublished\":\"2020-05-29T17:10:04+00:00\",\"dateModified\":\"2024-09-20T17:31:56+00:00\",\"breadcrumb\":{\"@id\":\"https:\\\/\\\/www.canmiquel.cat\\\/avis-legal\\\/#breadcrumb\"},\"inLanguage\":\"fr-FR\",\"potentialAction\":[{\"@type\":\"ReadAction\",\"target\":[\"https:\\\/\\\/www.canmiquel.cat\\\/avis-legal\\\/\"]}]},{\"@type\":\"ImageObject\",\"inLanguage\":\"fr-FR\",\"@id\":\"https:\\\/\\\/www.canmiquel.cat\\\/avis-legal\\\/#primaryimage\",\"url\":\"https:\\\/\\\/www.canmiquel.cat\\\/wp-content\\\/uploads\\\/2020\\\/09\\\/Can-Miquel-Avis-legal-H-.jpg\",\"contentUrl\":\"https:\\\/\\\/www.canmiquel.cat\\\/wp-content\\\/uploads\\\/2020\\\/09\\\/Can-Miquel-Avis-legal-H-.jpg\",\"width\":1400,\"height\":360,\"caption\":\"Can Miquel | Av\u00eds legal\"},{\"@type\":\"BreadcrumbList\",\"@id\":\"https:\\\/\\\/www.canmiquel.cat\\\/avis-legal\\\/#breadcrumb\",\"itemListElement\":[{\"@type\":\"ListItem\",\"position\":1,\"name\":\"Home\",\"item\":\"https:\\\/\\\/www.canmiquel.cat\\\/\"},{\"@type\":\"ListItem\",\"position\":2,\"name\":\"Av\u00eds legal\"}]},{\"@type\":\"WebSite\",\"@id\":\"https:\\\/\\\/www.canmiquel.cat\\\/#website\",\"url\":\"https:\\\/\\\/www.canmiquel.cat\\\/\",\"name\":\"Can Miquel\",\"description\":\"Carnisseria i xarcuteria selecta-delicatessen a Sant Feliu de Gu\u00edxols\",\"publisher\":{\"@id\":\"https:\\\/\\\/www.canmiquel.cat\\\/#organization\"},\"potentialAction\":[{\"@type\":\"SearchAction\",\"target\":{\"@type\":\"EntryPoint\",\"urlTemplate\":\"https:\\\/\\\/www.canmiquel.cat\\\/?s={search_term_string}\"},\"query-input\":{\"@type\":\"PropertyValueSpecification\",\"valueRequired\":true,\"valueName\":\"search_term_string\"}}],\"inLanguage\":\"fr-FR\"},{\"@type\":\"Organization\",\"@id\":\"https:\\\/\\\/www.canmiquel.cat\\\/#organization\",\"name\":\"Can Miquel\",\"url\":\"https:\\\/\\\/www.canmiquel.cat\\\/\",\"logo\":{\"@type\":\"ImageObject\",\"inLanguage\":\"fr-FR\",\"@id\":\"https:\\\/\\\/www.canmiquel.cat\\\/#\\\/schema\\\/logo\\\/image\\\/\",\"url\":\"https:\\\/\\\/www.canmiquel.cat\\\/wp-content\\\/uploads\\\/2020\\\/09\\\/Can-Miquel-Logo.png\",\"contentUrl\":\"https:\\\/\\\/www.canmiquel.cat\\\/wp-content\\\/uploads\\\/2020\\\/09\\\/Can-Miquel-Logo.png\",\"width\":193,\"height\":80,\"caption\":\"Can Miquel\"},\"image\":{\"@id\":\"https:\\\/\\\/www.canmiquel.cat\\\/#\\\/schema\\\/logo\\\/image\\\/\"},\"sameAs\":[\"https:\\\/\\\/www.instagram.com\\\/eldaudecanmiquel\\\/\"]}]}<\/script>\n<!-- \/ Yoast SEO plugin. -->","yoast_head_json":{"title":"Mentions l\u00e9gales - Can Miquel","robots":{"index":"index","follow":"follow","max-snippet":"max-snippet:-1","max-image-preview":"max-image-preview:large","max-video-preview":"max-video-preview:-1"},"canonical":"https:\/\/www.canmiquel.cat\/fr\/avis-legal\/","og_locale":"fr_FR","og_type":"article","og_title":"Av\u00eds legal - Can Miquel","og_description":"Informaci\u00f3 de Conformitat amb l&#8217;article 10 de la LSSI El titular d&#8217;aquesta web \u00e9s: Identitat: Can Miquel SL CIF: B17278672 Adre\u00e7a: Carrer Especiers, 11 | 17220 Sant Feliu de Gu\u00edxols. Girona. Tel\u00e8fon: 972 32 03 30 Correu electr\u00f2nic: canmiquel@canmiquel.cat Condicions d&#8217;\u00fas L&#8217;\u00fas d&#8217;aquest web implica l&#8217;acceptaci\u00f3 plena dels termes i condicions del present av\u00eds legal.+ Read More","og_url":"https:\/\/www.canmiquel.cat\/fr\/avis-legal\/","og_site_name":"Can Miquel","article_modified_time":"2024-09-20T17:31:56+00:00","og_image":[{"width":1400,"height":360,"url":"https:\/\/www.canmiquel.cat\/wp-content\/uploads\/2020\/09\/Can-Miquel-Avis-legal-H-.jpg","type":"image\/jpeg"}],"twitter_card":"summary_large_image","twitter_misc":{"Dur\u00e9e de lecture estim\u00e9e":"2 minutes"},"schema":{"@context":"https:\/\/schema.org","@graph":[{"@type":"WebPage","@id":"https:\/\/www.canmiquel.cat\/avis-legal\/","url":"https:\/\/www.canmiquel.cat\/avis-legal\/","name":"Mentions l\u00e9gales - Can Miquel","isPartOf":{"@id":"https:\/\/www.canmiquel.cat\/#website"},"primaryImageOfPage":{"@id":"https:\/\/www.canmiquel.cat\/avis-legal\/#primaryimage"},"image":{"@id":"https:\/\/www.canmiquel.cat\/avis-legal\/#primaryimage"},"thumbnailUrl":"https:\/\/www.canmiquel.cat\/wp-content\/uploads\/2020\/09\/Can-Miquel-Avis-legal-H-.jpg","datePublished":"2020-05-29T17:10:04+00:00","dateModified":"2024-09-20T17:31:56+00:00","breadcrumb":{"@id":"https:\/\/www.canmiquel.cat\/avis-legal\/#breadcrumb"},"inLanguage":"fr-FR","potentialAction":[{"@type":"ReadAction","target":["https:\/\/www.canmiquel.cat\/avis-legal\/"]}]},{"@type":"ImageObject","inLanguage":"fr-FR","@id":"https:\/\/www.canmiquel.cat\/avis-legal\/#primaryimage","url":"https:\/\/www.canmiquel.cat\/wp-content\/uploads\/2020\/09\/Can-Miquel-Avis-legal-H-.jpg","contentUrl":"https:\/\/www.canmiquel.cat\/wp-content\/uploads\/2020\/09\/Can-Miquel-Avis-legal-H-.jpg","width":1400,"height":360,"caption":"Can Miquel | Av\u00eds legal"},{"@type":"BreadcrumbList","@id":"https:\/\/www.canmiquel.cat\/avis-legal\/#breadcrumb","itemListElement":[{"@type":"ListItem","position":1,"name":"Home","item":"https:\/\/www.canmiquel.cat\/"},{"@type":"ListItem","position":2,"name":"Av\u00eds legal"}]},{"@type":"WebSite","@id":"https:\/\/www.canmiquel.cat\/#website","url":"https:\/\/www.canmiquel.cat\/","name":"Can Miquel","description":"Carnisseria i xarcuteria selecta-delicatessen a Sant Feliu de Gu\u00edxols","publisher":{"@id":"https:\/\/www.canmiquel.cat\/#organization"},"potentialAction":[{"@type":"SearchAction","target":{"@type":"EntryPoint","urlTemplate":"https:\/\/www.canmiquel.cat\/?s={search_term_string}"},"query-input":{"@type":"PropertyValueSpecification","valueRequired":true,"valueName":"search_term_string"}}],"inLanguage":"fr-FR"},{"@type":"Organization","@id":"https:\/\/www.canmiquel.cat\/#organization","name":"Can Miquel","url":"https:\/\/www.canmiquel.cat\/","logo":{"@type":"ImageObject","inLanguage":"fr-FR","@id":"https:\/\/www.canmiquel.cat\/#\/schema\/logo\/image\/","url":"https:\/\/www.canmiquel.cat\/wp-content\/uploads\/2020\/09\/Can-Miquel-Logo.png","contentUrl":"https:\/\/www.canmiquel.cat\/wp-content\/uploads\/2020\/09\/Can-Miquel-Logo.png","width":193,"height":80,"caption":"Can Miquel"},"image":{"@id":"https:\/\/www.canmiquel.cat\/#\/schema\/logo\/image\/"},"sameAs":["https:\/\/www.instagram.com\/eldaudecanmiquel\/"]}]}},"_links":{"self":[{"href":"https:\/\/www.canmiquel.cat\/fr\/wp-json\/wp\/v2\/pages\/18","targetHints":{"allow":["GET"]}}],"collection":[{"href":"https:\/\/www.canmiquel.cat\/fr\/wp-json\/wp\/v2\/pages"}],"about":[{"href":"https:\/\/www.canmiquel.cat\/fr\/wp-json\/wp\/v2\/types\/page"}],"author":[{"embeddable":true,"href":"https:\/\/www.canmiquel.cat\/fr\/wp-json\/wp\/v2\/users\/1"}],"replies":[{"embeddable":true,"href":"https:\/\/www.canmiquel.cat\/fr\/wp-json\/wp\/v2\/comments?post=18"}],"version-history":[{"count":0,"href":"https:\/\/www.canmiquel.cat\/fr\/wp-json\/wp\/v2\/pages\/18\/revisions"}],"wp:featuredmedia":[{"embeddable":true,"href":"https:\/\/www.canmiquel.cat\/fr\/wp-json\/wp\/v2\/media\/1487"}],"wp:attachment":[{"href":"https:\/\/www.canmiquel.cat\/fr\/wp-json\/wp\/v2\/media?parent=18"}],"curies":[{"name":"wp","href":"https:\/\/api.w.org\/{rel}","templated":true}]}}