{"id":1381,"date":"2020-09-27T21:45:06","date_gmt":"2020-09-27T19:45:06","guid":{"rendered":"https:\/\/www.canmiquel.cat\/?page_id=1381"},"modified":"2026-01-15T20:42:33","modified_gmt":"2026-01-15T19:42:33","slug":"qui-som","status":"publish","type":"page","link":"https:\/\/www.canmiquel.cat\/es\/qui-som\/","title":{"rendered":"Qui\u00e9nes somos"},"content":{"rendered":"<div data-elementor-type=\"wp-page\" data-elementor-id=\"1381\" class=\"elementor elementor-1381\" data-elementor-post-type=\"page\">\n\t\t\t\t\t\t<section class=\"elementor-section elementor-top-section elementor-element elementor-element-399fb37c elementor-section-full_width elementor-section-height-default elementor-section-height-default\" data-id=\"399fb37c\" data-element_type=\"section\" data-e-type=\"section\">\n\t\t\t\t\t\t<div class=\"elementor-container elementor-column-gap-default\">\n\t\t\t\t\t<div class=\"elementor-column elementor-col-100 elementor-top-column elementor-element elementor-element-444a8e89\" data-id=\"444a8e89\" data-element_type=\"column\" data-e-type=\"column\">\n\t\t\t<div class=\"elementor-widget-wrap elementor-element-populated\">\n\t\t\t\t\t\t<div class=\"elementor-element elementor-element-7a5125a3 elementor-widget elementor-widget-text-editor\" data-id=\"7a5125a3\" data-element_type=\"widget\" data-e-type=\"widget\" data-widget_type=\"text-editor.default\">\n\t\t\t\t\t\t\t\t\t<p style=\"text-align: justify;\" class=\"translation-block\"><strong>Can\u00a0Miquel<\/strong>, carnicer\u00eda-charcuter\u00eda, platos cocinados y ahora tambi\u00e9n espacio degustaci\u00f3n de <strong>Sant Feliu de Gu\u00edxols<\/strong>, un claro ejemplo de lo que significa la evoluci\u00f3n de un negocio a lo largo de los m\u00e1s de <strong>50 a\u00f1os de historia<\/strong>. El producto de proximidad y la calidad siempre ha sido nuestro rumbo a seguir.<\/p><p style=\"text-align: justify;\" class=\"translation-block\">A finales de 1972, <strong>Miquel Palah\u00ed<\/strong> apost\u00f3 por abrir en la ciudad de Sant Feliu de Gu\u00edxols el negocio, con la premisa de que lo m\u00e1s importante era mirar siempre de d\u00f3nde proven\u00eda la carne que ofrec\u00eda, y luchar por tener la mejor calidad.<\/p><p style=\"text-align: justify;\" class=\"translation-block\">Unos a\u00f1os m\u00e1s tarde en 1985 su mujer <strong>Carme Gasull<\/strong> introdujo la cocina casera preparando platos para llevar, siendo de los pioneros en este sector.<\/p><p style=\"text-align: justify;\" class=\"translation-block\">En julio de 2017 <strong>Marc<\/strong>, el hijo mayor, apost\u00f3 para modernizar y dar un paso adelante construyendo una tienda m\u00e1s grande, amplia y moderna, y con un espacio de degustaci\u00f3n \u201c<strong>El Dau<\/strong>\u201d que enseguida se convirti\u00f3 en uno de los referentes de buena comida en la ciudad, gracias al toque de nuestro chef.<\/p><p style=\"text-align: justify;\">Hay que decir que todo esto no ser\u00eda posible sin un buen equipo detr\u00e1s, que elabora desde una simple, pero no por ello menos buena, morcilla, hasta un \u201cplatillo\u201d\u00a0de los de toda la vida, cocinado despacio, haciendo \"chup\u00a0chup\"\u00a0y sobre todo con mucho cari\u00f1o\u00a0y adaptado al gusto del consumidor (bajo en sal, intolerancias alimentarias etc).<\/p>\t\t\t\t\t\t\t\t<\/div>\n\t\t\t\t\t<\/div>\n\t\t<\/div>\n\t\t\t\t\t<\/div>\n\t\t<\/section>\n\t\t\t\t<\/div>","protected":false},"excerpt":{"rendered":"<p>Can Miquel, carnisseria-xarcuteria, plats cuinats i ara tamb\u00e9 espai degustaci\u00f3 de Sant Feliu de Gu\u00edxols, un clar exemple del qu\u00e8 significa l\u2019evoluci\u00f3 d\u2019un negoci al llarg dels m\u00e9s de 50 anys d\u2019hist\u00f2ria. El producte de proximitat i la qualitat sempre ha estat el nostre rumb a seguir. A finals de 1972, en Miquel Palah\u00ed va<br \/><a class=\"moretag\" href=\"https:\/\/www.canmiquel.cat\/es\/qui-som\/\">+ Read More<\/a><\/p>","protected":false},"author":1,"featured_media":1481,"parent":0,"menu_order":0,"comment_status":"closed","ping_status":"closed","template":"","meta":{"footnotes":""},"class_list":["post-1381","page","type-page","status-publish","has-post-thumbnail","hentry"],"yoast_head":"<!-- This site is optimized with the Yoast SEO plugin v27.5 - https:\/\/yoast.com\/product\/yoast-seo-wordpress\/ -->\n<title>Qui som - Can Miquel<\/title>\n<meta name=\"robots\" content=\"index, follow, max-snippet:-1, max-image-preview:large, max-video-preview:-1\" \/>\n<link rel=\"canonical\" href=\"https:\/\/www.canmiquel.cat\/es\/qui-som\/\" \/>\n<meta property=\"og:locale\" content=\"es_ES\" \/>\n<meta property=\"og:type\" content=\"article\" \/>\n<meta property=\"og:title\" content=\"Qui som - Can Miquel\" \/>\n<meta property=\"og:description\" content=\"Can Miquel, carnisseria-xarcuteria, plats cuinats i ara tamb\u00e9 espai degustaci\u00f3 de Sant Feliu de Gu\u00edxols, un clar exemple del qu\u00e8 significa l\u2019evoluci\u00f3 d\u2019un negoci al llarg dels m\u00e9s de 50 anys d\u2019hist\u00f2ria. El producte de proximitat i la qualitat sempre ha estat el nostre rumb a seguir. A finals de 1972, en Miquel Palah\u00ed va+ Read More\" \/>\n<meta property=\"og:url\" content=\"https:\/\/www.canmiquel.cat\/es\/qui-som\/\" \/>\n<meta property=\"og:site_name\" content=\"Can Miquel\" \/>\n<meta property=\"article:modified_time\" content=\"2026-01-15T19:42:33+00:00\" \/>\n<meta property=\"og:image\" content=\"https:\/\/www.canmiquel.cat\/wp-content\/uploads\/2020\/09\/Can-Miquel-Qui-som-H-.jpg\" \/>\n\t<meta property=\"og:image:width\" content=\"1400\" \/>\n\t<meta property=\"og:image:height\" content=\"360\" \/>\n\t<meta property=\"og:image:type\" content=\"image\/jpeg\" \/>\n<meta name=\"twitter:card\" content=\"summary_large_image\" \/>\n<meta name=\"twitter:label1\" content=\"Tiempo de lectura\" \/>\n\t<meta name=\"twitter:data1\" content=\"1 minuto\" \/>\n<script type=\"application\/ld+json\" class=\"yoast-schema-graph\">{\"@context\":\"https:\\\/\\\/schema.org\",\"@graph\":[{\"@type\":\"WebPage\",\"@id\":\"https:\\\/\\\/www.canmiquel.cat\\\/qui-som\\\/\",\"url\":\"https:\\\/\\\/www.canmiquel.cat\\\/qui-som\\\/\",\"name\":\"Qui som - Can Miquel\",\"isPartOf\":{\"@id\":\"https:\\\/\\\/www.canmiquel.cat\\\/#website\"},\"primaryImageOfPage\":{\"@id\":\"https:\\\/\\\/www.canmiquel.cat\\\/qui-som\\\/#primaryimage\"},\"image\":{\"@id\":\"https:\\\/\\\/www.canmiquel.cat\\\/qui-som\\\/#primaryimage\"},\"thumbnailUrl\":\"https:\\\/\\\/www.canmiquel.cat\\\/wp-content\\\/uploads\\\/2020\\\/09\\\/Can-Miquel-Qui-som-H-.jpg\",\"datePublished\":\"2020-09-27T19:45:06+00:00\",\"dateModified\":\"2026-01-15T19:42:33+00:00\",\"breadcrumb\":{\"@id\":\"https:\\\/\\\/www.canmiquel.cat\\\/qui-som\\\/#breadcrumb\"},\"inLanguage\":\"es\",\"potentialAction\":[{\"@type\":\"ReadAction\",\"target\":[\"https:\\\/\\\/www.canmiquel.cat\\\/qui-som\\\/\"]}]},{\"@type\":\"ImageObject\",\"inLanguage\":\"es\",\"@id\":\"https:\\\/\\\/www.canmiquel.cat\\\/qui-som\\\/#primaryimage\",\"url\":\"https:\\\/\\\/www.canmiquel.cat\\\/wp-content\\\/uploads\\\/2020\\\/09\\\/Can-Miquel-Qui-som-H-.jpg\",\"contentUrl\":\"https:\\\/\\\/www.canmiquel.cat\\\/wp-content\\\/uploads\\\/2020\\\/09\\\/Can-Miquel-Qui-som-H-.jpg\",\"width\":1400,\"height\":360,\"caption\":\"Can Miquel | Qui som\"},{\"@type\":\"BreadcrumbList\",\"@id\":\"https:\\\/\\\/www.canmiquel.cat\\\/qui-som\\\/#breadcrumb\",\"itemListElement\":[{\"@type\":\"ListItem\",\"position\":1,\"name\":\"Home\",\"item\":\"https:\\\/\\\/www.canmiquel.cat\\\/\"},{\"@type\":\"ListItem\",\"position\":2,\"name\":\"Qui som\"}]},{\"@type\":\"WebSite\",\"@id\":\"https:\\\/\\\/www.canmiquel.cat\\\/#website\",\"url\":\"https:\\\/\\\/www.canmiquel.cat\\\/\",\"name\":\"Can Miquel\",\"description\":\"Carnisseria i xarcuteria selecta-delicatessen a Sant Feliu de Gu\u00edxols\",\"publisher\":{\"@id\":\"https:\\\/\\\/www.canmiquel.cat\\\/#organization\"},\"potentialAction\":[{\"@type\":\"SearchAction\",\"target\":{\"@type\":\"EntryPoint\",\"urlTemplate\":\"https:\\\/\\\/www.canmiquel.cat\\\/?s={search_term_string}\"},\"query-input\":{\"@type\":\"PropertyValueSpecification\",\"valueRequired\":true,\"valueName\":\"search_term_string\"}}],\"inLanguage\":\"es\"},{\"@type\":\"Organization\",\"@id\":\"https:\\\/\\\/www.canmiquel.cat\\\/#organization\",\"name\":\"Can Miquel\",\"url\":\"https:\\\/\\\/www.canmiquel.cat\\\/\",\"logo\":{\"@type\":\"ImageObject\",\"inLanguage\":\"es\",\"@id\":\"https:\\\/\\\/www.canmiquel.cat\\\/#\\\/schema\\\/logo\\\/image\\\/\",\"url\":\"https:\\\/\\\/www.canmiquel.cat\\\/wp-content\\\/uploads\\\/2020\\\/09\\\/Can-Miquel-Logo.png\",\"contentUrl\":\"https:\\\/\\\/www.canmiquel.cat\\\/wp-content\\\/uploads\\\/2020\\\/09\\\/Can-Miquel-Logo.png\",\"width\":193,\"height\":80,\"caption\":\"Can Miquel\"},\"image\":{\"@id\":\"https:\\\/\\\/www.canmiquel.cat\\\/#\\\/schema\\\/logo\\\/image\\\/\"},\"sameAs\":[\"https:\\\/\\\/www.instagram.com\\\/eldaudecanmiquel\\\/\"]}]}<\/script>\n<!-- \/ Yoast SEO plugin. -->","yoast_head_json":{"title":"Qui\u00e9nes somos - Can Miquel","robots":{"index":"index","follow":"follow","max-snippet":"max-snippet:-1","max-image-preview":"max-image-preview:large","max-video-preview":"max-video-preview:-1"},"canonical":"https:\/\/www.canmiquel.cat\/es\/qui-som\/","og_locale":"es_ES","og_type":"article","og_title":"Qui som - Can Miquel","og_description":"Can Miquel, carnisseria-xarcuteria, plats cuinats i ara tamb\u00e9 espai degustaci\u00f3 de Sant Feliu de Gu\u00edxols, un clar exemple del qu\u00e8 significa l\u2019evoluci\u00f3 d\u2019un negoci al llarg dels m\u00e9s de 50 anys d\u2019hist\u00f2ria. El producte de proximitat i la qualitat sempre ha estat el nostre rumb a seguir. A finals de 1972, en Miquel Palah\u00ed va+ Read More","og_url":"https:\/\/www.canmiquel.cat\/es\/qui-som\/","og_site_name":"Can Miquel","article_modified_time":"2026-01-15T19:42:33+00:00","og_image":[{"width":1400,"height":360,"url":"https:\/\/www.canmiquel.cat\/wp-content\/uploads\/2020\/09\/Can-Miquel-Qui-som-H-.jpg","type":"image\/jpeg"}],"twitter_card":"summary_large_image","twitter_misc":{"Tiempo de lectura":"1 minuto"},"schema":{"@context":"https:\/\/schema.org","@graph":[{"@type":"WebPage","@id":"https:\/\/www.canmiquel.cat\/qui-som\/","url":"https:\/\/www.canmiquel.cat\/qui-som\/","name":"Qui\u00e9nes somos - Can Miquel","isPartOf":{"@id":"https:\/\/www.canmiquel.cat\/#website"},"primaryImageOfPage":{"@id":"https:\/\/www.canmiquel.cat\/qui-som\/#primaryimage"},"image":{"@id":"https:\/\/www.canmiquel.cat\/qui-som\/#primaryimage"},"thumbnailUrl":"https:\/\/www.canmiquel.cat\/wp-content\/uploads\/2020\/09\/Can-Miquel-Qui-som-H-.jpg","datePublished":"2020-09-27T19:45:06+00:00","dateModified":"2026-01-15T19:42:33+00:00","breadcrumb":{"@id":"https:\/\/www.canmiquel.cat\/qui-som\/#breadcrumb"},"inLanguage":"es","potentialAction":[{"@type":"ReadAction","target":["https:\/\/www.canmiquel.cat\/qui-som\/"]}]},{"@type":"ImageObject","inLanguage":"es","@id":"https:\/\/www.canmiquel.cat\/qui-som\/#primaryimage","url":"https:\/\/www.canmiquel.cat\/wp-content\/uploads\/2020\/09\/Can-Miquel-Qui-som-H-.jpg","contentUrl":"https:\/\/www.canmiquel.cat\/wp-content\/uploads\/2020\/09\/Can-Miquel-Qui-som-H-.jpg","width":1400,"height":360,"caption":"Can Miquel | Qui som"},{"@type":"BreadcrumbList","@id":"https:\/\/www.canmiquel.cat\/qui-som\/#breadcrumb","itemListElement":[{"@type":"ListItem","position":1,"name":"Home","item":"https:\/\/www.canmiquel.cat\/"},{"@type":"ListItem","position":2,"name":"Qui som"}]},{"@type":"WebSite","@id":"https:\/\/www.canmiquel.cat\/#website","url":"https:\/\/www.canmiquel.cat\/","name":"Can Miquel","description":"Carnisseria i xarcuteria selecta-delicatessen a Sant Feliu de Gu\u00edxols","publisher":{"@id":"https:\/\/www.canmiquel.cat\/#organization"},"potentialAction":[{"@type":"SearchAction","target":{"@type":"EntryPoint","urlTemplate":"https:\/\/www.canmiquel.cat\/?s={search_term_string}"},"query-input":{"@type":"PropertyValueSpecification","valueRequired":true,"valueName":"search_term_string"}}],"inLanguage":"es"},{"@type":"Organization","@id":"https:\/\/www.canmiquel.cat\/#organization","name":"Can Miquel","url":"https:\/\/www.canmiquel.cat\/","logo":{"@type":"ImageObject","inLanguage":"es","@id":"https:\/\/www.canmiquel.cat\/#\/schema\/logo\/image\/","url":"https:\/\/www.canmiquel.cat\/wp-content\/uploads\/2020\/09\/Can-Miquel-Logo.png","contentUrl":"https:\/\/www.canmiquel.cat\/wp-content\/uploads\/2020\/09\/Can-Miquel-Logo.png","width":193,"height":80,"caption":"Can Miquel"},"image":{"@id":"https:\/\/www.canmiquel.cat\/#\/schema\/logo\/image\/"},"sameAs":["https:\/\/www.instagram.com\/eldaudecanmiquel\/"]}]}},"_links":{"self":[{"href":"https:\/\/www.canmiquel.cat\/es\/wp-json\/wp\/v2\/pages\/1381","targetHints":{"allow":["GET"]}}],"collection":[{"href":"https:\/\/www.canmiquel.cat\/es\/wp-json\/wp\/v2\/pages"}],"about":[{"href":"https:\/\/www.canmiquel.cat\/es\/wp-json\/wp\/v2\/types\/page"}],"author":[{"embeddable":true,"href":"https:\/\/www.canmiquel.cat\/es\/wp-json\/wp\/v2\/users\/1"}],"replies":[{"embeddable":true,"href":"https:\/\/www.canmiquel.cat\/es\/wp-json\/wp\/v2\/comments?post=1381"}],"version-history":[{"count":0,"href":"https:\/\/www.canmiquel.cat\/es\/wp-json\/wp\/v2\/pages\/1381\/revisions"}],"wp:featuredmedia":[{"embeddable":true,"href":"https:\/\/www.canmiquel.cat\/es\/wp-json\/wp\/v2\/media\/1481"}],"wp:attachment":[{"href":"https:\/\/www.canmiquel.cat\/es\/wp-json\/wp\/v2\/media?parent=1381"}],"curies":[{"name":"wp","href":"https:\/\/api.w.org\/{rel}","templated":true}]}}