{"id":18,"date":"2020-05-29T19:10:04","date_gmt":"2020-05-29T17:10:04","guid":{"rendered":"https:\/\/www.canmiquel.cat\/?page_id=18"},"modified":"2024-09-20T19:31:56","modified_gmt":"2024-09-20T17:31:56","slug":"avis-legal","status":"publish","type":"page","link":"https:\/\/www.canmiquel.cat\/en\/avis-legal\/","title":{"rendered":"Legal notice"},"content":{"rendered":"<h4>Information in accordance with Article 10 of the LSSI<\/h4>\n<h3>The owner of this website is:<\/h3>\n<p>Identity: <strong>Can Miquel SL<\/strong><br \/>\nCIF: <strong>B17278672<\/strong><br \/>\nAddress: <strong>Carrer Especiers, 11 | 17220 Sant Feliu de Gu\u00edxols. Girona.<br \/>\n<\/strong>Phone: <strong>972 32 03 30<br \/>\n<\/strong>E-mail<strong>:<\/strong> <a href=\"mailto:canmiquel@canmiquel.cat\"><strong>canmiquel@canmiquel.cat<\/strong><\/a><\/p>\n<h3>Terms of use<\/h3>\n<p style=\"text-align: justify;\">Use of this website implies full acceptance of the terms and conditions of this legal notice. Any disputes relating to this website will be governed exclusively by Spanish law. All users of this website, regardless of the territorial jurisdiction from which they access it, agree to comply with and respect these clauses, expressly waiving any other jurisdiction that may apply.<\/p>\n<h3>Intellectual and industrial property<\/h3>\n<p style=\"text-align: justify;\" class=\"translation-block\">All content on this website, including text, images, sounds, trademarks, logos, and other elements, as well as its substructure, design, color schemes, and presentation, is protected by industrial and intellectual property rights that users of this website must respect. Its transformation, alteration, public communication, or any other form of exploitation by any means is prohibited without the express authorization of <strong>Can Miquel SL<\/strong>.<\/p>\n<h3>Responsibility for the content<\/h3>\n<p style=\"text-align: justify;\" class=\"translation-block\">Although <strong>Can Miquel<\/strong> acts with the utmost diligence, it is possible that some data or information may not be completely up-to-date at the time the website user consults it. Therefore, the information presented on this website is for guidance purposes only and is not binding on <strong>Can Miquel<\/strong>.<\/p>\n<p style=\"text-align: justify;\" class=\"translation-block\"><strong>Can Miquel<\/strong> will not be responsible for the information that may be obtained through links included on its website.<\/p>\n<p style=\"text-align: justify;\" class=\"translation-block\"><strong>Can Miquel<\/strong> reserves the right to make, at any time and without prior notice, modifications or updates to the information and any of the elements that make up the design and configuration of the website.<\/p>\n<h3>Applicable law and jurisdiction<\/h3>\n<p style=\"text-align: justify;\">Use of this website implies full acceptance of the terms and conditions of this legal notice. Any disputes relating to this website will be governed exclusively by Spanish law. All users of this website, regardless of the territorial jurisdiction from which they access it, agree to comply with and respect these clauses, expressly waiving any other jurisdiction that may apply.<\/p>","protected":false},"excerpt":{"rendered":"<p>Informaci\u00f3 de Conformitat amb l&#8217;article 10 de la LSSI El titular d&#8217;aquesta web \u00e9s: Identitat: Can Miquel SL CIF: B17278672 Adre\u00e7a: Carrer Especiers, 11 | 17220 Sant Feliu de Gu\u00edxols. Girona. Tel\u00e8fon: 972 32 03 30 Correu electr\u00f2nic: canmiquel@canmiquel.cat Condicions d&#8217;\u00fas L&#8217;\u00fas d&#8217;aquest web implica l&#8217;acceptaci\u00f3 plena dels termes i condicions del present av\u00eds legal.<br \/><a class=\"moretag\" href=\"https:\/\/www.canmiquel.cat\/en\/avis-legal\/\">+ Read More<\/a><\/p>","protected":false},"author":1,"featured_media":1487,"parent":0,"menu_order":0,"comment_status":"closed","ping_status":"closed","template":"","meta":{"footnotes":""},"class_list":["post-18","page","type-page","status-publish","has-post-thumbnail","hentry"],"yoast_head":"<!-- This site is optimized with the Yoast SEO plugin v27.4 - https:\/\/yoast.com\/product\/yoast-seo-wordpress\/ -->\n<title>Av\u00eds legal - Can Miquel<\/title>\n<meta name=\"robots\" content=\"index, follow, max-snippet:-1, max-image-preview:large, max-video-preview:-1\" \/>\n<link rel=\"canonical\" href=\"https:\/\/www.canmiquel.cat\/en\/avis-legal\/\" \/>\n<meta property=\"og:locale\" content=\"en_GB\" \/>\n<meta property=\"og:type\" content=\"article\" \/>\n<meta property=\"og:title\" content=\"Av\u00eds legal - Can Miquel\" \/>\n<meta property=\"og:description\" content=\"Informaci\u00f3 de Conformitat amb l&#8217;article 10 de la LSSI El titular d&#8217;aquesta web \u00e9s: Identitat: Can Miquel SL CIF: B17278672 Adre\u00e7a: Carrer Especiers, 11 | 17220 Sant Feliu de Gu\u00edxols. Girona. Tel\u00e8fon: 972 32 03 30 Correu electr\u00f2nic: canmiquel@canmiquel.cat Condicions d&#8217;\u00fas L&#8217;\u00fas d&#8217;aquest web implica l&#8217;acceptaci\u00f3 plena dels termes i condicions del present av\u00eds legal.+ Read More\" \/>\n<meta property=\"og:url\" content=\"https:\/\/www.canmiquel.cat\/en\/avis-legal\/\" \/>\n<meta property=\"og:site_name\" content=\"Can Miquel\" \/>\n<meta property=\"article:modified_time\" content=\"2024-09-20T17:31:56+00:00\" \/>\n<meta property=\"og:image\" content=\"https:\/\/www.canmiquel.cat\/wp-content\/uploads\/2020\/09\/Can-Miquel-Avis-legal-H-.jpg\" \/>\n\t<meta property=\"og:image:width\" content=\"1400\" \/>\n\t<meta property=\"og:image:height\" content=\"360\" \/>\n\t<meta property=\"og:image:type\" content=\"image\/jpeg\" \/>\n<meta name=\"twitter:card\" content=\"summary_large_image\" \/>\n<meta name=\"twitter:label1\" content=\"Estimated reading time\" \/>\n\t<meta name=\"twitter:data1\" content=\"2 minutes\" \/>\n<script type=\"application\/ld+json\" class=\"yoast-schema-graph\">{\"@context\":\"https:\\\/\\\/schema.org\",\"@graph\":[{\"@type\":\"WebPage\",\"@id\":\"https:\\\/\\\/www.canmiquel.cat\\\/avis-legal\\\/\",\"url\":\"https:\\\/\\\/www.canmiquel.cat\\\/avis-legal\\\/\",\"name\":\"Av\u00eds legal - Can Miquel\",\"isPartOf\":{\"@id\":\"https:\\\/\\\/www.canmiquel.cat\\\/#website\"},\"primaryImageOfPage\":{\"@id\":\"https:\\\/\\\/www.canmiquel.cat\\\/avis-legal\\\/#primaryimage\"},\"image\":{\"@id\":\"https:\\\/\\\/www.canmiquel.cat\\\/avis-legal\\\/#primaryimage\"},\"thumbnailUrl\":\"https:\\\/\\\/www.canmiquel.cat\\\/wp-content\\\/uploads\\\/2020\\\/09\\\/Can-Miquel-Avis-legal-H-.jpg\",\"datePublished\":\"2020-05-29T17:10:04+00:00\",\"dateModified\":\"2024-09-20T17:31:56+00:00\",\"breadcrumb\":{\"@id\":\"https:\\\/\\\/www.canmiquel.cat\\\/avis-legal\\\/#breadcrumb\"},\"inLanguage\":\"en-GB\",\"potentialAction\":[{\"@type\":\"ReadAction\",\"target\":[\"https:\\\/\\\/www.canmiquel.cat\\\/avis-legal\\\/\"]}]},{\"@type\":\"ImageObject\",\"inLanguage\":\"en-GB\",\"@id\":\"https:\\\/\\\/www.canmiquel.cat\\\/avis-legal\\\/#primaryimage\",\"url\":\"https:\\\/\\\/www.canmiquel.cat\\\/wp-content\\\/uploads\\\/2020\\\/09\\\/Can-Miquel-Avis-legal-H-.jpg\",\"contentUrl\":\"https:\\\/\\\/www.canmiquel.cat\\\/wp-content\\\/uploads\\\/2020\\\/09\\\/Can-Miquel-Avis-legal-H-.jpg\",\"width\":1400,\"height\":360,\"caption\":\"Can Miquel | Av\u00eds legal\"},{\"@type\":\"BreadcrumbList\",\"@id\":\"https:\\\/\\\/www.canmiquel.cat\\\/avis-legal\\\/#breadcrumb\",\"itemListElement\":[{\"@type\":\"ListItem\",\"position\":1,\"name\":\"Home\",\"item\":\"https:\\\/\\\/www.canmiquel.cat\\\/\"},{\"@type\":\"ListItem\",\"position\":2,\"name\":\"Av\u00eds legal\"}]},{\"@type\":\"WebSite\",\"@id\":\"https:\\\/\\\/www.canmiquel.cat\\\/#website\",\"url\":\"https:\\\/\\\/www.canmiquel.cat\\\/\",\"name\":\"Can Miquel\",\"description\":\"Carnisseria i xarcuteria selecta-delicatessen a Sant Feliu de Gu\u00edxols\",\"publisher\":{\"@id\":\"https:\\\/\\\/www.canmiquel.cat\\\/#organization\"},\"potentialAction\":[{\"@type\":\"SearchAction\",\"target\":{\"@type\":\"EntryPoint\",\"urlTemplate\":\"https:\\\/\\\/www.canmiquel.cat\\\/?s={search_term_string}\"},\"query-input\":{\"@type\":\"PropertyValueSpecification\",\"valueRequired\":true,\"valueName\":\"search_term_string\"}}],\"inLanguage\":\"en-GB\"},{\"@type\":\"Organization\",\"@id\":\"https:\\\/\\\/www.canmiquel.cat\\\/#organization\",\"name\":\"Can Miquel\",\"url\":\"https:\\\/\\\/www.canmiquel.cat\\\/\",\"logo\":{\"@type\":\"ImageObject\",\"inLanguage\":\"en-GB\",\"@id\":\"https:\\\/\\\/www.canmiquel.cat\\\/#\\\/schema\\\/logo\\\/image\\\/\",\"url\":\"https:\\\/\\\/www.canmiquel.cat\\\/wp-content\\\/uploads\\\/2020\\\/09\\\/Can-Miquel-Logo.png\",\"contentUrl\":\"https:\\\/\\\/www.canmiquel.cat\\\/wp-content\\\/uploads\\\/2020\\\/09\\\/Can-Miquel-Logo.png\",\"width\":193,\"height\":80,\"caption\":\"Can Miquel\"},\"image\":{\"@id\":\"https:\\\/\\\/www.canmiquel.cat\\\/#\\\/schema\\\/logo\\\/image\\\/\"},\"sameAs\":[\"https:\\\/\\\/www.instagram.com\\\/eldaudecanmiquel\\\/\"]}]}<\/script>\n<!-- \/ Yoast SEO plugin. -->","yoast_head_json":{"title":"Legal notice - Can Miquel","robots":{"index":"index","follow":"follow","max-snippet":"max-snippet:-1","max-image-preview":"max-image-preview:large","max-video-preview":"max-video-preview:-1"},"canonical":"https:\/\/www.canmiquel.cat\/en\/avis-legal\/","og_locale":"en_GB","og_type":"article","og_title":"Av\u00eds legal - Can Miquel","og_description":"Informaci\u00f3 de Conformitat amb l&#8217;article 10 de la LSSI El titular d&#8217;aquesta web \u00e9s: Identitat: Can Miquel SL CIF: B17278672 Adre\u00e7a: Carrer Especiers, 11 | 17220 Sant Feliu de Gu\u00edxols. Girona. Tel\u00e8fon: 972 32 03 30 Correu electr\u00f2nic: canmiquel@canmiquel.cat Condicions d&#8217;\u00fas L&#8217;\u00fas d&#8217;aquest web implica l&#8217;acceptaci\u00f3 plena dels termes i condicions del present av\u00eds legal.+ Read More","og_url":"https:\/\/www.canmiquel.cat\/en\/avis-legal\/","og_site_name":"Can Miquel","article_modified_time":"2024-09-20T17:31:56+00:00","og_image":[{"width":1400,"height":360,"url":"https:\/\/www.canmiquel.cat\/wp-content\/uploads\/2020\/09\/Can-Miquel-Avis-legal-H-.jpg","type":"image\/jpeg"}],"twitter_card":"summary_large_image","twitter_misc":{"Estimated reading time":"2 minutes"},"schema":{"@context":"https:\/\/schema.org","@graph":[{"@type":"WebPage","@id":"https:\/\/www.canmiquel.cat\/avis-legal\/","url":"https:\/\/www.canmiquel.cat\/avis-legal\/","name":"Legal notice - Can Miquel","isPartOf":{"@id":"https:\/\/www.canmiquel.cat\/#website"},"primaryImageOfPage":{"@id":"https:\/\/www.canmiquel.cat\/avis-legal\/#primaryimage"},"image":{"@id":"https:\/\/www.canmiquel.cat\/avis-legal\/#primaryimage"},"thumbnailUrl":"https:\/\/www.canmiquel.cat\/wp-content\/uploads\/2020\/09\/Can-Miquel-Avis-legal-H-.jpg","datePublished":"2020-05-29T17:10:04+00:00","dateModified":"2024-09-20T17:31:56+00:00","breadcrumb":{"@id":"https:\/\/www.canmiquel.cat\/avis-legal\/#breadcrumb"},"inLanguage":"en-GB","potentialAction":[{"@type":"ReadAction","target":["https:\/\/www.canmiquel.cat\/avis-legal\/"]}]},{"@type":"ImageObject","inLanguage":"en-GB","@id":"https:\/\/www.canmiquel.cat\/avis-legal\/#primaryimage","url":"https:\/\/www.canmiquel.cat\/wp-content\/uploads\/2020\/09\/Can-Miquel-Avis-legal-H-.jpg","contentUrl":"https:\/\/www.canmiquel.cat\/wp-content\/uploads\/2020\/09\/Can-Miquel-Avis-legal-H-.jpg","width":1400,"height":360,"caption":"Can Miquel | Av\u00eds legal"},{"@type":"BreadcrumbList","@id":"https:\/\/www.canmiquel.cat\/avis-legal\/#breadcrumb","itemListElement":[{"@type":"ListItem","position":1,"name":"Home","item":"https:\/\/www.canmiquel.cat\/"},{"@type":"ListItem","position":2,"name":"Av\u00eds legal"}]},{"@type":"WebSite","@id":"https:\/\/www.canmiquel.cat\/#website","url":"https:\/\/www.canmiquel.cat\/","name":"Can Miquel","description":"Carnisseria i xarcuteria selecta-delicatessen a Sant Feliu de Gu\u00edxols","publisher":{"@id":"https:\/\/www.canmiquel.cat\/#organization"},"potentialAction":[{"@type":"SearchAction","target":{"@type":"EntryPoint","urlTemplate":"https:\/\/www.canmiquel.cat\/?s={search_term_string}"},"query-input":{"@type":"PropertyValueSpecification","valueRequired":true,"valueName":"search_term_string"}}],"inLanguage":"en-GB"},{"@type":"Organization","@id":"https:\/\/www.canmiquel.cat\/#organization","name":"Can Miquel","url":"https:\/\/www.canmiquel.cat\/","logo":{"@type":"ImageObject","inLanguage":"en-GB","@id":"https:\/\/www.canmiquel.cat\/#\/schema\/logo\/image\/","url":"https:\/\/www.canmiquel.cat\/wp-content\/uploads\/2020\/09\/Can-Miquel-Logo.png","contentUrl":"https:\/\/www.canmiquel.cat\/wp-content\/uploads\/2020\/09\/Can-Miquel-Logo.png","width":193,"height":80,"caption":"Can Miquel"},"image":{"@id":"https:\/\/www.canmiquel.cat\/#\/schema\/logo\/image\/"},"sameAs":["https:\/\/www.instagram.com\/eldaudecanmiquel\/"]}]}},"_links":{"self":[{"href":"https:\/\/www.canmiquel.cat\/en\/wp-json\/wp\/v2\/pages\/18","targetHints":{"allow":["GET"]}}],"collection":[{"href":"https:\/\/www.canmiquel.cat\/en\/wp-json\/wp\/v2\/pages"}],"about":[{"href":"https:\/\/www.canmiquel.cat\/en\/wp-json\/wp\/v2\/types\/page"}],"author":[{"embeddable":true,"href":"https:\/\/www.canmiquel.cat\/en\/wp-json\/wp\/v2\/users\/1"}],"replies":[{"embeddable":true,"href":"https:\/\/www.canmiquel.cat\/en\/wp-json\/wp\/v2\/comments?post=18"}],"version-history":[{"count":0,"href":"https:\/\/www.canmiquel.cat\/en\/wp-json\/wp\/v2\/pages\/18\/revisions"}],"wp:featuredmedia":[{"embeddable":true,"href":"https:\/\/www.canmiquel.cat\/en\/wp-json\/wp\/v2\/media\/1487"}],"wp:attachment":[{"href":"https:\/\/www.canmiquel.cat\/en\/wp-json\/wp\/v2\/media?parent=18"}],"curies":[{"name":"wp","href":"https:\/\/api.w.org\/{rel}","templated":true}]}}