{"id":1375,"date":"2020-09-27T21:43:56","date_gmt":"2020-09-27T19:43:56","guid":{"rendered":"https:\/\/www.canmiquel.cat\/?page_id=1375"},"modified":"2026-01-14T21:49:14","modified_gmt":"2026-01-14T20:49:14","slug":"botiga","status":"publish","type":"page","link":"https:\/\/www.canmiquel.cat\/en\/botiga\/","title":{"rendered":"Shop"},"content":{"rendered":"<div data-elementor-type=\"wp-page\" data-elementor-id=\"1375\" class=\"elementor elementor-1375\" data-elementor-post-type=\"page\">\n\t\t\t\t\t\t<section class=\"elementor-section elementor-top-section elementor-element elementor-element-6881b480 elementor-section-full_width elementor-section-height-default elementor-section-height-default\" data-id=\"6881b480\" data-element_type=\"section\" data-e-type=\"section\">\n\t\t\t\t\t\t<div class=\"elementor-container elementor-column-gap-default\">\n\t\t\t\t\t<div class=\"elementor-column elementor-col-100 elementor-top-column elementor-element elementor-element-1be3a2b0\" data-id=\"1be3a2b0\" data-element_type=\"column\" data-e-type=\"column\">\n\t\t\t<div class=\"elementor-widget-wrap elementor-element-populated\">\n\t\t\t\t\t\t<div class=\"elementor-element elementor-element-53f182f7 elementor-widget elementor-widget-text-editor\" data-id=\"53f182f7\" data-element_type=\"widget\" data-e-type=\"widget\" data-widget_type=\"text-editor.default\">\n\t\t\t\t\t\t\t\t\t<p style=\"text-align: justify;\" class=\"translation-block\">We clearly bet on <strong>local meat<\/strong>, the <strong>Beef<\/strong> is from Mas \u201c<strong>Can Ceres<\/strong>\u201d in Vidreres, the <strong>lambs<\/strong> are from <strong>Mas Coris<\/strong>, in Palam\u00f3s, the <strong>pork<\/strong> is from <strong>Mas Tero<\/strong>, organic and Duroc pigs, the <strong>chickens<\/strong> are raised on Girona farms, fed with cereals, and of slow growth, the <strong>rabbits<\/strong> are from Empord\u00e0, as are <strong>the goats<\/strong>.<\/p>\r\n<p style=\"text-align: justify;\">Having a good quality meat as a base, we make all kinds of processed foods, cooked and cured sausages, pates, hamburgers and sausages of various types, stuffed, breaded, marinated, croquettes, \u201cempanadas\u201d, and more than 80 different cooked dishes\u2026<\/p>\r\n<p style=\"text-align: justify;\">Times change and food trends too, which is why more and more people are becoming aware that little and good is the best recipe for following a good healthy diet.<\/p>\r\n<p style=\"text-align: justify;\" class=\"translation-block\">Furthermore, at <strong>Can Miquel<\/strong> we are very aware that time is money! And that is why we make personalized orders with all the patience and dedication that is needed, and if you want, we can even have it delivered to your home at the agreed time and at no additional cost.<\/p>\r\n\r\n<h3 style=\"text-align: center;\">We are waiting for you at Can Miquel\u2026 enjoy your meal!<\/h3>\t\t\t\t\t\t\t\t<\/div>\n\t\t\t\t\t<\/div>\n\t\t<\/div>\n\t\t\t\t\t<\/div>\n\t\t<\/section>\n\t\t\t\t<section class=\"elementor-section elementor-top-section elementor-element elementor-element-56c5417 elementor-section-full_width elementor-section-height-default elementor-section-height-default\" data-id=\"56c5417\" data-element_type=\"section\" data-e-type=\"section\">\n\t\t\t\t\t\t<div class=\"elementor-container elementor-column-gap-no\">\n\t\t\t\t\t<div class=\"elementor-column elementor-col-100 elementor-top-column elementor-element elementor-element-2796a80\" data-id=\"2796a80\" data-element_type=\"column\" data-e-type=\"column\">\n\t\t\t<div class=\"elementor-widget-wrap elementor-element-populated\">\n\t\t\t\t\t\t<div class=\"elementor-element elementor-element-90c7c14 elementor-widget elementor-widget-gallery\" data-id=\"90c7c14\" data-element_type=\"widget\" data-e-type=\"widget\" data-settings=\"{&quot;gallery_layout&quot;:&quot;masonry&quot;,&quot;columns&quot;:2,&quot;gap&quot;:{&quot;unit&quot;:&quot;px&quot;,&quot;size&quot;:4,&quot;sizes&quot;:[]},&quot;image_hover_animation&quot;:&quot;grow&quot;,&quot;background_overlay_hover_animation&quot;:&quot;enter-zoom-in&quot;,&quot;gap_tablet&quot;:{&quot;unit&quot;:&quot;px&quot;,&quot;size&quot;:4,&quot;sizes&quot;:[]},&quot;gap_mobile&quot;:{&quot;unit&quot;:&quot;px&quot;,&quot;size&quot;:4,&quot;sizes&quot;:[]},&quot;lazyload&quot;:&quot;yes&quot;,&quot;columns_tablet&quot;:2,&quot;columns_mobile&quot;:1,&quot;link_to&quot;:&quot;file&quot;,&quot;overlay_background&quot;:&quot;yes&quot;,&quot;content_hover_animation&quot;:&quot;fade-in&quot;}\" data-widget_type=\"gallery.default\">\n\t\t\t\t\t\t\t<div class=\"elementor-gallery__container\">\n\t\t\t\t\t\t\t<a class=\"e-gallery-item elementor-gallery-item elementor-animated-content\" href=\"https:\/\/www.canmiquel.cat\/wp-content\/uploads\/2020\/10\/Can-Miquel-Botiga-07.jpg\" data-elementor-open-lightbox=\"yes\" data-elementor-lightbox-slideshow=\"90c7c14\" data-elementor-lightbox-title=\"Can Miquel | Botiga\" data-e-action-hash=\"#elementor-action%3Aaction%3Dlightbox%26settings%3DeyJpZCI6MTY1NywidXJsIjoiaHR0cHM6XC9cL3d3dy5jYW5taXF1ZWwuY2F0XC93cC1jb250ZW50XC91cGxvYWRzXC8yMDIwXC8xMFwvQ2FuLU1pcXVlbC1Cb3RpZ2EtMDcuanBnIiwic2xpZGVzaG93IjoiOTBjN2MxNCJ9\">\n\t\t\t\t\t<div class=\"e-gallery-image elementor-gallery-item__image\" data-thumbnail=\"https:\/\/www.canmiquel.cat\/wp-content\/uploads\/2020\/10\/Can-Miquel-Botiga-07.jpg\" data-width=\"1100\" data-height=\"640\" aria-label=\"Can Miquel | Botiga\" role=\"img\" ><\/div>\n\t\t\t\t\t\t\t\t\t\t\t<div class=\"elementor-gallery-item__overlay\"><\/div>\n\t\t\t\t\t\t\t\t\t\t\t\t\t\t<\/a>\n\t\t\t\t\t\t\t<a class=\"e-gallery-item elementor-gallery-item elementor-animated-content\" href=\"https:\/\/www.canmiquel.cat\/wp-content\/uploads\/2020\/10\/Can-Miquel-Botiga-02.jpg\" data-elementor-open-lightbox=\"yes\" data-elementor-lightbox-slideshow=\"90c7c14\" data-elementor-lightbox-title=\"Can Miquel | Botiga\" data-e-action-hash=\"#elementor-action%3Aaction%3Dlightbox%26settings%3DeyJpZCI6MTY1MiwidXJsIjoiaHR0cHM6XC9cL3d3dy5jYW5taXF1ZWwuY2F0XC93cC1jb250ZW50XC91cGxvYWRzXC8yMDIwXC8xMFwvQ2FuLU1pcXVlbC1Cb3RpZ2EtMDIuanBnIiwic2xpZGVzaG93IjoiOTBjN2MxNCJ9\">\n\t\t\t\t\t<div class=\"e-gallery-image elementor-gallery-item__image\" data-thumbnail=\"https:\/\/www.canmiquel.cat\/wp-content\/uploads\/2020\/10\/Can-Miquel-Botiga-02.jpg\" data-width=\"1100\" data-height=\"640\" aria-label=\"Can Miquel | Botiga\" role=\"img\" ><\/div>\n\t\t\t\t\t\t\t\t\t\t\t<div class=\"elementor-gallery-item__overlay\"><\/div>\n\t\t\t\t\t\t\t\t\t\t\t\t\t\t<\/a>\n\t\t\t\t\t\t\t<a class=\"e-gallery-item elementor-gallery-item elementor-animated-content\" href=\"https:\/\/www.canmiquel.cat\/wp-content\/uploads\/2020\/10\/Can-Miquel-Botiga-05.jpg\" data-elementor-open-lightbox=\"yes\" data-elementor-lightbox-slideshow=\"90c7c14\" data-elementor-lightbox-title=\"Can Miquel | Botiga\" data-e-action-hash=\"#elementor-action%3Aaction%3Dlightbox%26settings%3DeyJpZCI6MTY1NSwidXJsIjoiaHR0cHM6XC9cL3d3dy5jYW5taXF1ZWwuY2F0XC93cC1jb250ZW50XC91cGxvYWRzXC8yMDIwXC8xMFwvQ2FuLU1pcXVlbC1Cb3RpZ2EtMDUuanBnIiwic2xpZGVzaG93IjoiOTBjN2MxNCJ9\">\n\t\t\t\t\t<div class=\"e-gallery-image elementor-gallery-item__image\" data-thumbnail=\"https:\/\/www.canmiquel.cat\/wp-content\/uploads\/2020\/10\/Can-Miquel-Botiga-05.jpg\" data-width=\"1100\" data-height=\"640\" aria-label=\"Can Miquel | Botiga\" role=\"img\" ><\/div>\n\t\t\t\t\t\t\t\t\t\t\t<div class=\"elementor-gallery-item__overlay\"><\/div>\n\t\t\t\t\t\t\t\t\t\t\t\t\t\t<\/a>\n\t\t\t\t\t\t\t<a class=\"e-gallery-item elementor-gallery-item elementor-animated-content\" href=\"https:\/\/www.canmiquel.cat\/wp-content\/uploads\/2020\/10\/Can-Miquel-Botiga-08.jpg\" data-elementor-open-lightbox=\"yes\" data-elementor-lightbox-slideshow=\"90c7c14\" data-elementor-lightbox-title=\"Can Miquel | Botiga\" data-e-action-hash=\"#elementor-action%3Aaction%3Dlightbox%26settings%3DeyJpZCI6MTY1OCwidXJsIjoiaHR0cHM6XC9cL3d3dy5jYW5taXF1ZWwuY2F0XC93cC1jb250ZW50XC91cGxvYWRzXC8yMDIwXC8xMFwvQ2FuLU1pcXVlbC1Cb3RpZ2EtMDguanBnIiwic2xpZGVzaG93IjoiOTBjN2MxNCJ9\">\n\t\t\t\t\t<div class=\"e-gallery-image elementor-gallery-item__image\" data-thumbnail=\"https:\/\/www.canmiquel.cat\/wp-content\/uploads\/2020\/10\/Can-Miquel-Botiga-08.jpg\" data-width=\"1100\" data-height=\"640\" aria-label=\"Can Miquel | Botiga\" role=\"img\" ><\/div>\n\t\t\t\t\t\t\t\t\t\t\t<div class=\"elementor-gallery-item__overlay\"><\/div>\n\t\t\t\t\t\t\t\t\t\t\t\t\t\t<\/a>\n\t\t\t\t\t\t\t<a class=\"e-gallery-item elementor-gallery-item elementor-animated-content\" href=\"https:\/\/www.canmiquel.cat\/wp-content\/uploads\/2020\/10\/Can-Miquel-Botiga-04.jpg\" data-elementor-open-lightbox=\"yes\" data-elementor-lightbox-slideshow=\"90c7c14\" data-elementor-lightbox-title=\"Can Miquel | Botiga\" data-e-action-hash=\"#elementor-action%3Aaction%3Dlightbox%26settings%3DeyJpZCI6MTY1NCwidXJsIjoiaHR0cHM6XC9cL3d3dy5jYW5taXF1ZWwuY2F0XC93cC1jb250ZW50XC91cGxvYWRzXC8yMDIwXC8xMFwvQ2FuLU1pcXVlbC1Cb3RpZ2EtMDQuanBnIiwic2xpZGVzaG93IjoiOTBjN2MxNCJ9\">\n\t\t\t\t\t<div class=\"e-gallery-image elementor-gallery-item__image\" data-thumbnail=\"https:\/\/www.canmiquel.cat\/wp-content\/uploads\/2020\/10\/Can-Miquel-Botiga-04.jpg\" data-width=\"1100\" data-height=\"640\" aria-label=\"Can Miquel | Botiga\" role=\"img\" ><\/div>\n\t\t\t\t\t\t\t\t\t\t\t<div class=\"elementor-gallery-item__overlay\"><\/div>\n\t\t\t\t\t\t\t\t\t\t\t\t\t\t<\/a>\n\t\t\t\t\t\t\t<a class=\"e-gallery-item elementor-gallery-item elementor-animated-content\" href=\"https:\/\/www.canmiquel.cat\/wp-content\/uploads\/2020\/10\/Can-Miquel-Botiga-09.jpg\" data-elementor-open-lightbox=\"yes\" data-elementor-lightbox-slideshow=\"90c7c14\" data-elementor-lightbox-title=\"Can Miquel | Botiga\" data-e-action-hash=\"#elementor-action%3Aaction%3Dlightbox%26settings%3DeyJpZCI6MTY1OSwidXJsIjoiaHR0cHM6XC9cL3d3dy5jYW5taXF1ZWwuY2F0XC93cC1jb250ZW50XC91cGxvYWRzXC8yMDIwXC8xMFwvQ2FuLU1pcXVlbC1Cb3RpZ2EtMDkuanBnIiwic2xpZGVzaG93IjoiOTBjN2MxNCJ9\">\n\t\t\t\t\t<div class=\"e-gallery-image elementor-gallery-item__image\" data-thumbnail=\"https:\/\/www.canmiquel.cat\/wp-content\/uploads\/2020\/10\/Can-Miquel-Botiga-09.jpg\" data-width=\"1100\" data-height=\"640\" aria-label=\"Can Miquel | Botiga\" role=\"img\" ><\/div>\n\t\t\t\t\t\t\t\t\t\t\t<div class=\"elementor-gallery-item__overlay\"><\/div>\n\t\t\t\t\t\t\t\t\t\t\t\t\t\t<\/a>\n\t\t\t\t\t\t\t<a class=\"e-gallery-item elementor-gallery-item elementor-animated-content\" href=\"https:\/\/www.canmiquel.cat\/wp-content\/uploads\/2020\/10\/Can-Miquel-Botiga-06.jpg\" data-elementor-open-lightbox=\"yes\" data-elementor-lightbox-slideshow=\"90c7c14\" data-elementor-lightbox-title=\"Can Miquel | Botiga\" data-e-action-hash=\"#elementor-action%3Aaction%3Dlightbox%26settings%3DeyJpZCI6MTY1NiwidXJsIjoiaHR0cHM6XC9cL3d3dy5jYW5taXF1ZWwuY2F0XC93cC1jb250ZW50XC91cGxvYWRzXC8yMDIwXC8xMFwvQ2FuLU1pcXVlbC1Cb3RpZ2EtMDYuanBnIiwic2xpZGVzaG93IjoiOTBjN2MxNCJ9\">\n\t\t\t\t\t<div class=\"e-gallery-image elementor-gallery-item__image\" data-thumbnail=\"https:\/\/www.canmiquel.cat\/wp-content\/uploads\/2020\/10\/Can-Miquel-Botiga-06.jpg\" data-width=\"1100\" data-height=\"640\" aria-label=\"Can Miquel | Botiga\" role=\"img\" ><\/div>\n\t\t\t\t\t\t\t\t\t\t\t<div class=\"elementor-gallery-item__overlay\"><\/div>\n\t\t\t\t\t\t\t\t\t\t\t\t\t\t<\/a>\n\t\t\t\t\t\t\t<a class=\"e-gallery-item elementor-gallery-item elementor-animated-content\" href=\"https:\/\/www.canmiquel.cat\/wp-content\/uploads\/2020\/10\/Can-Miquel-Botiga-01.jpg\" data-elementor-open-lightbox=\"yes\" data-elementor-lightbox-slideshow=\"90c7c14\" data-elementor-lightbox-title=\"Can Miquel | Botiga\" data-e-action-hash=\"#elementor-action%3Aaction%3Dlightbox%26settings%3DeyJpZCI6MTY1MSwidXJsIjoiaHR0cHM6XC9cL3d3dy5jYW5taXF1ZWwuY2F0XC93cC1jb250ZW50XC91cGxvYWRzXC8yMDIwXC8xMFwvQ2FuLU1pcXVlbC1Cb3RpZ2EtMDEuanBnIiwic2xpZGVzaG93IjoiOTBjN2MxNCJ9\">\n\t\t\t\t\t<div class=\"e-gallery-image elementor-gallery-item__image\" data-thumbnail=\"https:\/\/www.canmiquel.cat\/wp-content\/uploads\/2020\/10\/Can-Miquel-Botiga-01.jpg\" data-width=\"1100\" data-height=\"640\" aria-label=\"Can Miquel | Botiga\" role=\"img\" ><\/div>\n\t\t\t\t\t\t\t\t\t\t\t<div class=\"elementor-gallery-item__overlay\"><\/div>\n\t\t\t\t\t\t\t\t\t\t\t\t\t\t<\/a>\n\t\t\t\t\t\t\t<a class=\"e-gallery-item elementor-gallery-item elementor-animated-content\" href=\"https:\/\/www.canmiquel.cat\/wp-content\/uploads\/2020\/10\/Can-Miquel-Botiga-03.jpg\" data-elementor-open-lightbox=\"yes\" data-elementor-lightbox-slideshow=\"90c7c14\" data-elementor-lightbox-title=\"Can Miquel | Botiga\" data-e-action-hash=\"#elementor-action%3Aaction%3Dlightbox%26settings%3DeyJpZCI6MTY1MywidXJsIjoiaHR0cHM6XC9cL3d3dy5jYW5taXF1ZWwuY2F0XC93cC1jb250ZW50XC91cGxvYWRzXC8yMDIwXC8xMFwvQ2FuLU1pcXVlbC1Cb3RpZ2EtMDMuanBnIiwic2xpZGVzaG93IjoiOTBjN2MxNCJ9\">\n\t\t\t\t\t<div class=\"e-gallery-image elementor-gallery-item__image\" data-thumbnail=\"https:\/\/www.canmiquel.cat\/wp-content\/uploads\/2020\/10\/Can-Miquel-Botiga-03.jpg\" data-width=\"1100\" data-height=\"640\" aria-label=\"Can Miquel | Botiga\" role=\"img\" ><\/div>\n\t\t\t\t\t\t\t\t\t\t\t<div class=\"elementor-gallery-item__overlay\"><\/div>\n\t\t\t\t\t\t\t\t\t\t\t\t\t\t<\/a>\n\t\t\t\t\t<\/div>\n\t\t\t\t\t<\/div>\n\t\t\t\t\t<\/div>\n\t\t<\/div>\n\t\t\t\t\t<\/div>\n\t\t<\/section>\n\t\t\t\t<\/div>","protected":false},"excerpt":{"rendered":"<p>Apostem clarament per la carn de proximitat, la carn de Vedella \u00e9s del Mas &#8220;Can Ceres&#8221; de Vidreres, els Xais de llet, s\u00f3n del Mas Coris, de Palam\u00f3s, la carn de Porc \u00e9s del Mas Tero, porcs ecol\u00f2gics i de ra\u00e7a Duroc, els Pollastres s\u00f3n criats en granges gironines , alimentats amb cereals, i de<br \/><a class=\"moretag\" href=\"https:\/\/www.canmiquel.cat\/en\/botiga\/\">+ Read More<\/a><\/p>","protected":false},"author":1,"featured_media":1479,"parent":0,"menu_order":0,"comment_status":"closed","ping_status":"closed","template":"","meta":{"footnotes":""},"class_list":["post-1375","page","type-page","status-publish","has-post-thumbnail","hentry"],"yoast_head":"<!-- This site is optimized with the Yoast SEO plugin v27.4 - https:\/\/yoast.com\/product\/yoast-seo-wordpress\/ -->\n<title>Botiga - Can Miquel<\/title>\n<meta name=\"robots\" content=\"index, follow, max-snippet:-1, max-image-preview:large, max-video-preview:-1\" \/>\n<link rel=\"canonical\" href=\"https:\/\/www.canmiquel.cat\/en\/botiga\/\" \/>\n<meta property=\"og:locale\" content=\"en_GB\" \/>\n<meta property=\"og:type\" content=\"article\" \/>\n<meta property=\"og:title\" content=\"Botiga - Can Miquel\" \/>\n<meta property=\"og:description\" content=\"Apostem clarament per la carn de proximitat, la carn de Vedella \u00e9s del Mas &#8220;Can Ceres&#8221; de Vidreres, els Xais de llet, s\u00f3n del Mas Coris, de Palam\u00f3s, la carn de Porc \u00e9s del Mas Tero, porcs ecol\u00f2gics i de ra\u00e7a Duroc, els Pollastres s\u00f3n criats en granges gironines , alimentats amb cereals, i de+ Read More\" \/>\n<meta property=\"og:url\" content=\"https:\/\/www.canmiquel.cat\/en\/botiga\/\" \/>\n<meta property=\"og:site_name\" content=\"Can Miquel\" \/>\n<meta property=\"article:modified_time\" content=\"2026-01-14T20:49:14+00:00\" \/>\n<meta property=\"og:image\" content=\"https:\/\/www.canmiquel.cat\/wp-content\/uploads\/2020\/09\/Can-Miquel-Botiga-H-.jpg\" \/>\n\t<meta property=\"og:image:width\" content=\"1400\" \/>\n\t<meta property=\"og:image:height\" content=\"360\" \/>\n\t<meta property=\"og:image:type\" content=\"image\/jpeg\" \/>\n<meta name=\"twitter:card\" content=\"summary_large_image\" \/>\n<meta name=\"twitter:label1\" content=\"Estimated reading time\" \/>\n\t<meta name=\"twitter:data1\" content=\"1 minute\" \/>\n<script type=\"application\/ld+json\" class=\"yoast-schema-graph\">{\"@context\":\"https:\\\/\\\/schema.org\",\"@graph\":[{\"@type\":\"WebPage\",\"@id\":\"https:\\\/\\\/www.canmiquel.cat\\\/botiga\\\/\",\"url\":\"https:\\\/\\\/www.canmiquel.cat\\\/botiga\\\/\",\"name\":\"Botiga - Can Miquel\",\"isPartOf\":{\"@id\":\"https:\\\/\\\/www.canmiquel.cat\\\/#website\"},\"primaryImageOfPage\":{\"@id\":\"https:\\\/\\\/www.canmiquel.cat\\\/botiga\\\/#primaryimage\"},\"image\":{\"@id\":\"https:\\\/\\\/www.canmiquel.cat\\\/botiga\\\/#primaryimage\"},\"thumbnailUrl\":\"https:\\\/\\\/www.canmiquel.cat\\\/wp-content\\\/uploads\\\/2020\\\/09\\\/Can-Miquel-Botiga-H-.jpg\",\"datePublished\":\"2020-09-27T19:43:56+00:00\",\"dateModified\":\"2026-01-14T20:49:14+00:00\",\"breadcrumb\":{\"@id\":\"https:\\\/\\\/www.canmiquel.cat\\\/botiga\\\/#breadcrumb\"},\"inLanguage\":\"en-GB\",\"potentialAction\":[{\"@type\":\"ReadAction\",\"target\":[\"https:\\\/\\\/www.canmiquel.cat\\\/botiga\\\/\"]}]},{\"@type\":\"ImageObject\",\"inLanguage\":\"en-GB\",\"@id\":\"https:\\\/\\\/www.canmiquel.cat\\\/botiga\\\/#primaryimage\",\"url\":\"https:\\\/\\\/www.canmiquel.cat\\\/wp-content\\\/uploads\\\/2020\\\/09\\\/Can-Miquel-Botiga-H-.jpg\",\"contentUrl\":\"https:\\\/\\\/www.canmiquel.cat\\\/wp-content\\\/uploads\\\/2020\\\/09\\\/Can-Miquel-Botiga-H-.jpg\",\"width\":1400,\"height\":360,\"caption\":\"Can Miquel | Botiga\"},{\"@type\":\"BreadcrumbList\",\"@id\":\"https:\\\/\\\/www.canmiquel.cat\\\/botiga\\\/#breadcrumb\",\"itemListElement\":[{\"@type\":\"ListItem\",\"position\":1,\"name\":\"Home\",\"item\":\"https:\\\/\\\/www.canmiquel.cat\\\/\"},{\"@type\":\"ListItem\",\"position\":2,\"name\":\"Botiga\"}]},{\"@type\":\"WebSite\",\"@id\":\"https:\\\/\\\/www.canmiquel.cat\\\/#website\",\"url\":\"https:\\\/\\\/www.canmiquel.cat\\\/\",\"name\":\"Can Miquel\",\"description\":\"Carnisseria i xarcuteria selecta-delicatessen a Sant Feliu de Gu\u00edxols\",\"publisher\":{\"@id\":\"https:\\\/\\\/www.canmiquel.cat\\\/#organization\"},\"potentialAction\":[{\"@type\":\"SearchAction\",\"target\":{\"@type\":\"EntryPoint\",\"urlTemplate\":\"https:\\\/\\\/www.canmiquel.cat\\\/?s={search_term_string}\"},\"query-input\":{\"@type\":\"PropertyValueSpecification\",\"valueRequired\":true,\"valueName\":\"search_term_string\"}}],\"inLanguage\":\"en-GB\"},{\"@type\":\"Organization\",\"@id\":\"https:\\\/\\\/www.canmiquel.cat\\\/#organization\",\"name\":\"Can Miquel\",\"url\":\"https:\\\/\\\/www.canmiquel.cat\\\/\",\"logo\":{\"@type\":\"ImageObject\",\"inLanguage\":\"en-GB\",\"@id\":\"https:\\\/\\\/www.canmiquel.cat\\\/#\\\/schema\\\/logo\\\/image\\\/\",\"url\":\"https:\\\/\\\/www.canmiquel.cat\\\/wp-content\\\/uploads\\\/2020\\\/09\\\/Can-Miquel-Logo.png\",\"contentUrl\":\"https:\\\/\\\/www.canmiquel.cat\\\/wp-content\\\/uploads\\\/2020\\\/09\\\/Can-Miquel-Logo.png\",\"width\":193,\"height\":80,\"caption\":\"Can Miquel\"},\"image\":{\"@id\":\"https:\\\/\\\/www.canmiquel.cat\\\/#\\\/schema\\\/logo\\\/image\\\/\"},\"sameAs\":[\"https:\\\/\\\/www.instagram.com\\\/eldaudecanmiquel\\\/\"]}]}<\/script>\n<!-- \/ Yoast SEO plugin. -->","yoast_head_json":{"title":"Shop - Can Miquel","robots":{"index":"index","follow":"follow","max-snippet":"max-snippet:-1","max-image-preview":"max-image-preview:large","max-video-preview":"max-video-preview:-1"},"canonical":"https:\/\/www.canmiquel.cat\/en\/botiga\/","og_locale":"en_GB","og_type":"article","og_title":"Botiga - Can Miquel","og_description":"Apostem clarament per la carn de proximitat, la carn de Vedella \u00e9s del Mas &#8220;Can Ceres&#8221; de Vidreres, els Xais de llet, s\u00f3n del Mas Coris, de Palam\u00f3s, la carn de Porc \u00e9s del Mas Tero, porcs ecol\u00f2gics i de ra\u00e7a Duroc, els Pollastres s\u00f3n criats en granges gironines , alimentats amb cereals, i de+ Read More","og_url":"https:\/\/www.canmiquel.cat\/en\/botiga\/","og_site_name":"Can Miquel","article_modified_time":"2026-01-14T20:49:14+00:00","og_image":[{"width":1400,"height":360,"url":"https:\/\/www.canmiquel.cat\/wp-content\/uploads\/2020\/09\/Can-Miquel-Botiga-H-.jpg","type":"image\/jpeg"}],"twitter_card":"summary_large_image","twitter_misc":{"Estimated reading time":"1 minute"},"schema":{"@context":"https:\/\/schema.org","@graph":[{"@type":"WebPage","@id":"https:\/\/www.canmiquel.cat\/botiga\/","url":"https:\/\/www.canmiquel.cat\/botiga\/","name":"Shop - Can Miquel","isPartOf":{"@id":"https:\/\/www.canmiquel.cat\/#website"},"primaryImageOfPage":{"@id":"https:\/\/www.canmiquel.cat\/botiga\/#primaryimage"},"image":{"@id":"https:\/\/www.canmiquel.cat\/botiga\/#primaryimage"},"thumbnailUrl":"https:\/\/www.canmiquel.cat\/wp-content\/uploads\/2020\/09\/Can-Miquel-Botiga-H-.jpg","datePublished":"2020-09-27T19:43:56+00:00","dateModified":"2026-01-14T20:49:14+00:00","breadcrumb":{"@id":"https:\/\/www.canmiquel.cat\/botiga\/#breadcrumb"},"inLanguage":"en-GB","potentialAction":[{"@type":"ReadAction","target":["https:\/\/www.canmiquel.cat\/botiga\/"]}]},{"@type":"ImageObject","inLanguage":"en-GB","@id":"https:\/\/www.canmiquel.cat\/botiga\/#primaryimage","url":"https:\/\/www.canmiquel.cat\/wp-content\/uploads\/2020\/09\/Can-Miquel-Botiga-H-.jpg","contentUrl":"https:\/\/www.canmiquel.cat\/wp-content\/uploads\/2020\/09\/Can-Miquel-Botiga-H-.jpg","width":1400,"height":360,"caption":"Can Miquel | Botiga"},{"@type":"BreadcrumbList","@id":"https:\/\/www.canmiquel.cat\/botiga\/#breadcrumb","itemListElement":[{"@type":"ListItem","position":1,"name":"Home","item":"https:\/\/www.canmiquel.cat\/"},{"@type":"ListItem","position":2,"name":"Botiga"}]},{"@type":"WebSite","@id":"https:\/\/www.canmiquel.cat\/#website","url":"https:\/\/www.canmiquel.cat\/","name":"Can Miquel","description":"Carnisseria i xarcuteria selecta-delicatessen a Sant Feliu de Gu\u00edxols","publisher":{"@id":"https:\/\/www.canmiquel.cat\/#organization"},"potentialAction":[{"@type":"SearchAction","target":{"@type":"EntryPoint","urlTemplate":"https:\/\/www.canmiquel.cat\/?s={search_term_string}"},"query-input":{"@type":"PropertyValueSpecification","valueRequired":true,"valueName":"search_term_string"}}],"inLanguage":"en-GB"},{"@type":"Organization","@id":"https:\/\/www.canmiquel.cat\/#organization","name":"Can Miquel","url":"https:\/\/www.canmiquel.cat\/","logo":{"@type":"ImageObject","inLanguage":"en-GB","@id":"https:\/\/www.canmiquel.cat\/#\/schema\/logo\/image\/","url":"https:\/\/www.canmiquel.cat\/wp-content\/uploads\/2020\/09\/Can-Miquel-Logo.png","contentUrl":"https:\/\/www.canmiquel.cat\/wp-content\/uploads\/2020\/09\/Can-Miquel-Logo.png","width":193,"height":80,"caption":"Can Miquel"},"image":{"@id":"https:\/\/www.canmiquel.cat\/#\/schema\/logo\/image\/"},"sameAs":["https:\/\/www.instagram.com\/eldaudecanmiquel\/"]}]}},"_links":{"self":[{"href":"https:\/\/www.canmiquel.cat\/en\/wp-json\/wp\/v2\/pages\/1375","targetHints":{"allow":["GET"]}}],"collection":[{"href":"https:\/\/www.canmiquel.cat\/en\/wp-json\/wp\/v2\/pages"}],"about":[{"href":"https:\/\/www.canmiquel.cat\/en\/wp-json\/wp\/v2\/types\/page"}],"author":[{"embeddable":true,"href":"https:\/\/www.canmiquel.cat\/en\/wp-json\/wp\/v2\/users\/1"}],"replies":[{"embeddable":true,"href":"https:\/\/www.canmiquel.cat\/en\/wp-json\/wp\/v2\/comments?post=1375"}],"version-history":[{"count":0,"href":"https:\/\/www.canmiquel.cat\/en\/wp-json\/wp\/v2\/pages\/1375\/revisions"}],"wp:featuredmedia":[{"embeddable":true,"href":"https:\/\/www.canmiquel.cat\/en\/wp-json\/wp\/v2\/media\/1479"}],"wp:attachment":[{"href":"https:\/\/www.canmiquel.cat\/en\/wp-json\/wp\/v2\/media?parent=1375"}],"curies":[{"name":"wp","href":"https:\/\/api.w.org\/{rel}","templated":true}]}}